{"id":1006,"date":"2018-02-06T13:32:28","date_gmt":"2018-02-06T12:32:28","guid":{"rendered":"http:\/\/www.start.hekko24.pl\/studio\/?page_id=1006"},"modified":"2018-05-25T11:32:09","modified_gmt":"2018-05-25T09:32:09","slug":"opakowania","status":"publish","type":"page","link":"http:\/\/www.start.hekko24.pl\/studio\/realizacje\/opakowania\/","title":{"rendered":"OPAKOWANIA"},"content":{"rendered":"<div id='gallery-1' class='gallery galleryid-1006 gallery-columns-2 gallery-size-thumbnail'><figure class='gallery-item'>\n\t\t\t<div class='gallery-icon landscape'>\n\t\t\t\t<a href='http:\/\/www.start.hekko24.pl\/studio\/wp-content\/uploads\/2018\/05\/E1G.png' title=\"\" data-rl_title=\"\" class=\"rl-gallery-link\" data-rl_caption=\"\" data-rel=\"lightbox-gallery-1\"><img width=\"150\" height=\"150\" src=\"http:\/\/www.start.hekko24.pl\/studio\/wp-content\/uploads\/2018\/05\/E1G-150x150.png\" class=\"attachment-thumbnail size-thumbnail\" alt=\"\" decoding=\"async\" loading=\"lazy\" srcset=\"http:\/\/www.start.hekko24.pl\/studio\/wp-content\/uploads\/2018\/05\/E1G-150x150.png 150w, http:\/\/www.start.hekko24.pl\/studio\/wp-content\/uploads\/2018\/05\/E1G-100x100.png 100w\" sizes=\"100vw\" \/><\/a>\n\t\t\t<\/div><\/figure><figure class='gallery-item'>\n\t\t\t<div class='gallery-icon landscape'>\n\t\t\t\t<a href='http:\/\/www.start.hekko24.pl\/studio\/wp-content\/uploads\/2018\/05\/E6a.png' title=\"\" data-rl_title=\"\" class=\"rl-gallery-link\" data-rl_caption=\"\" data-rel=\"lightbox-gallery-1\"><img width=\"150\" height=\"150\" src=\"http:\/\/www.start.hekko24.pl\/studio\/wp-content\/uploads\/2018\/05\/E6a-150x150.png\" class=\"attachment-thumbnail size-thumbnail\" alt=\"\" decoding=\"async\" loading=\"lazy\" srcset=\"http:\/\/www.start.hekko24.pl\/studio\/wp-content\/uploads\/2018\/05\/E6a-150x150.png 150w, http:\/\/www.start.hekko24.pl\/studio\/wp-content\/uploads\/2018\/05\/E6a-100x100.png 100w\" sizes=\"100vw\" \/><\/a>\n\t\t\t<\/div><\/figure><figure class='gallery-item'>\n\t\t\t<div class='gallery-icon landscape'>\n\t\t\t\t<a href='http:\/\/www.start.hekko24.pl\/studio\/wp-content\/uploads\/2018\/05\/E2G.png' title=\"\" data-rl_title=\"\" class=\"rl-gallery-link\" data-rl_caption=\"\" data-rel=\"lightbox-gallery-1\"><img width=\"150\" height=\"150\" src=\"http:\/\/www.start.hekko24.pl\/studio\/wp-content\/uploads\/2018\/05\/E2G-150x150.png\" class=\"attachment-thumbnail size-thumbnail\" alt=\"\" decoding=\"async\" loading=\"lazy\" srcset=\"http:\/\/www.start.hekko24.pl\/studio\/wp-content\/uploads\/2018\/05\/E2G-150x150.png 150w, http:\/\/www.start.hekko24.pl\/studio\/wp-content\/uploads\/2018\/05\/E2G-100x100.png 100w\" sizes=\"100vw\" \/><\/a>\n\t\t\t<\/div><\/figure><figure class='gallery-item'>\n\t\t\t<div class='gallery-icon landscape'>\n\t\t\t\t<a href='http:\/\/www.start.hekko24.pl\/studio\/wp-content\/uploads\/2018\/02\/E3a.png' title=\"\" data-rl_title=\"\" class=\"rl-gallery-link\" data-rl_caption=\"\" data-rel=\"lightbox-gallery-1\"><img width=\"150\" height=\"150\" src=\"http:\/\/www.start.hekko24.pl\/studio\/wp-content\/uploads\/2018\/02\/E3a-150x150.png\" class=\"attachment-thumbnail size-thumbnail\" alt=\"\" decoding=\"async\" loading=\"lazy\" srcset=\"http:\/\/www.start.hekko24.pl\/studio\/wp-content\/uploads\/2018\/02\/E3a-150x150.png 150w, http:\/\/www.start.hekko24.pl\/studio\/wp-content\/uploads\/2018\/02\/E3a-100x100.png 100w\" sizes=\"100vw\" \/><\/a>\n\t\t\t<\/div><\/figure>\n\t\t<\/div>\n\n","protected":false},"excerpt":{"rendered":"","protected":false},"author":1,"featured_media":0,"parent":43,"menu_order":8,"comment_status":"closed","ping_status":"closed","template":"","meta":{"footnotes":""},"yoast_head":"<!-- This site is optimized with the Yoast SEO plugin v21.2 - https:\/\/yoast.com\/wordpress\/plugins\/seo\/ -->\n<title>OPAKOWANIA<\/title>\n<meta name=\"description\" content=\"OPAKOWANIA - projektujemy etykiety i opakowania produkt\u00f3w dla bran\u017cy spo\u017cywczej (soki, wody mineralne, koncentraty), a tak\u017ce chemicznej. Jeste\u015bmy otwarci na ka\u017cde nowe wyzwania.\" \/>\n<meta name=\"robots\" content=\"index, follow, max-snippet:-1, max-image-preview:large, max-video-preview:-1\" \/>\n<link rel=\"canonical\" href=\"http:\/\/www.start.hekko24.pl\/studio\/yKKyL\" \/>\n<meta property=\"og:locale\" content=\"pl_PL\" \/>\n<meta property=\"og:type\" content=\"article\" \/>\n<meta property=\"og:title\" content=\"OPAKOWANIA\" \/>\n<meta property=\"og:description\" content=\"OPAKOWANIA - projektujemy etykiety i opakowania produkt\u00f3w dla bran\u017cy spo\u017cywczej (soki, wody mineralne, koncentraty), a tak\u017ce chemicznej. Jeste\u015bmy otwarci na ka\u017cde nowe wyzwania.\" \/>\n<meta property=\"og:url\" content=\"http:\/\/www.start.hekko24.pl\/studio\/realizacje\/opakowania\/\" \/>\n<meta property=\"article:modified_time\" content=\"2018-05-25T09:32:09+00:00\" \/>\n<meta property=\"og:image\" content=\"http:\/\/www.start.hekko24.pl\/studio\/wp-content\/uploads\/2018\/05\/E1G-150x150.png\" \/>\n<meta name=\"twitter:card\" content=\"summary_large_image\" \/>\n<script type=\"application\/ld+json\" class=\"yoast-schema-graph\">{\"@context\":\"https:\/\/schema.org\",\"@graph\":[{\"@type\":\"WebPage\",\"@id\":\"http:\/\/www.start.hekko24.pl\/studio\/realizacje\/opakowania\/\",\"url\":\"http:\/\/www.start.hekko24.pl\/studio\/realizacje\/opakowania\/\",\"name\":\"OPAKOWANIA\",\"isPartOf\":{\"@id\":\"http:\/\/www.start.hekko24.pl\/studio\/#website\"},\"datePublished\":\"2018-02-06T12:32:28+00:00\",\"dateModified\":\"2018-05-25T09:32:09+00:00\",\"description\":\"OPAKOWANIA - projektujemy etykiety i opakowania produkt\u00f3w dla bran\u017cy spo\u017cywczej (soki, wody mineralne, koncentraty), a tak\u017ce chemicznej. Jeste\u015bmy otwarci na ka\u017cde nowe wyzwania.\",\"breadcrumb\":{\"@id\":\"http:\/\/www.start.hekko24.pl\/studio\/realizacje\/opakowania\/#breadcrumb\"},\"inLanguage\":\"pl-PL\",\"potentialAction\":[{\"@type\":\"ReadAction\",\"target\":[\"http:\/\/www.start.hekko24.pl\/studio\/realizacje\/opakowania\/\"]}]},{\"@type\":\"BreadcrumbList\",\"@id\":\"http:\/\/www.start.hekko24.pl\/studio\/realizacje\/opakowania\/#breadcrumb\",\"itemListElement\":[{\"@type\":\"ListItem\",\"position\":1,\"name\":\"Strona g\u0142\u00f3wna\",\"item\":\"http:\/\/www.start.hekko24.pl\/studio\/\"},{\"@type\":\"ListItem\",\"position\":2,\"name\":\"REALIZACJE\",\"item\":\"http:\/\/www.start.hekko24.pl\/studio\/realizacje\/\"},{\"@type\":\"ListItem\",\"position\":3,\"name\":\"OPAKOWANIA\"}]},{\"@type\":\"WebSite\",\"@id\":\"http:\/\/www.start.hekko24.pl\/studio\/#website\",\"url\":\"http:\/\/www.start.hekko24.pl\/studio\/\",\"name\":\"\",\"description\":\"\",\"potentialAction\":[{\"@type\":\"SearchAction\",\"target\":{\"@type\":\"EntryPoint\",\"urlTemplate\":\"http:\/\/www.start.hekko24.pl\/studio\/?s={search_term_string}\"},\"query-input\":\"required name=search_term_string\"}],\"inLanguage\":\"pl-PL\"}]}<\/script>\n<!-- \/ Yoast SEO plugin. -->","yoast_head_json":{"title":"OPAKOWANIA","description":"OPAKOWANIA - projektujemy etykiety i opakowania produkt\u00f3w dla bran\u017cy spo\u017cywczej (soki, wody mineralne, koncentraty), a tak\u017ce chemicznej. Jeste\u015bmy otwarci na ka\u017cde nowe wyzwania.","robots":{"index":"index","follow":"follow","max-snippet":"max-snippet:-1","max-image-preview":"max-image-preview:large","max-video-preview":"max-video-preview:-1"},"canonical":"http:\/\/www.start.hekko24.pl\/studio\/yKKyL","og_locale":"pl_PL","og_type":"article","og_title":"OPAKOWANIA","og_description":"OPAKOWANIA - projektujemy etykiety i opakowania produkt\u00f3w dla bran\u017cy spo\u017cywczej (soki, wody mineralne, koncentraty), a tak\u017ce chemicznej. Jeste\u015bmy otwarci na ka\u017cde nowe wyzwania.","og_url":"http:\/\/www.start.hekko24.pl\/studio\/realizacje\/opakowania\/","article_modified_time":"2018-05-25T09:32:09+00:00","og_image":[{"url":"http:\/\/www.start.hekko24.pl\/studio\/wp-content\/uploads\/2018\/05\/E1G-150x150.png"}],"twitter_card":"summary_large_image","schema":{"@context":"https:\/\/schema.org","@graph":[{"@type":"WebPage","@id":"http:\/\/www.start.hekko24.pl\/studio\/realizacje\/opakowania\/","url":"http:\/\/www.start.hekko24.pl\/studio\/realizacje\/opakowania\/","name":"OPAKOWANIA","isPartOf":{"@id":"http:\/\/www.start.hekko24.pl\/studio\/#website"},"datePublished":"2018-02-06T12:32:28+00:00","dateModified":"2018-05-25T09:32:09+00:00","description":"OPAKOWANIA - projektujemy etykiety i opakowania produkt\u00f3w dla bran\u017cy spo\u017cywczej (soki, wody mineralne, koncentraty), a tak\u017ce chemicznej. Jeste\u015bmy otwarci na ka\u017cde nowe wyzwania.","breadcrumb":{"@id":"http:\/\/www.start.hekko24.pl\/studio\/realizacje\/opakowania\/#breadcrumb"},"inLanguage":"pl-PL","potentialAction":[{"@type":"ReadAction","target":["http:\/\/www.start.hekko24.pl\/studio\/realizacje\/opakowania\/"]}]},{"@type":"BreadcrumbList","@id":"http:\/\/www.start.hekko24.pl\/studio\/realizacje\/opakowania\/#breadcrumb","itemListElement":[{"@type":"ListItem","position":1,"name":"Strona g\u0142\u00f3wna","item":"http:\/\/www.start.hekko24.pl\/studio\/"},{"@type":"ListItem","position":2,"name":"REALIZACJE","item":"http:\/\/www.start.hekko24.pl\/studio\/realizacje\/"},{"@type":"ListItem","position":3,"name":"OPAKOWANIA"}]},{"@type":"WebSite","@id":"http:\/\/www.start.hekko24.pl\/studio\/#website","url":"http:\/\/www.start.hekko24.pl\/studio\/","name":"","description":"","potentialAction":[{"@type":"SearchAction","target":{"@type":"EntryPoint","urlTemplate":"http:\/\/www.start.hekko24.pl\/studio\/?s={search_term_string}"},"query-input":"required name=search_term_string"}],"inLanguage":"pl-PL"}]}},"_links":{"self":[{"href":"http:\/\/www.start.hekko24.pl\/studio\/wp-json\/wp\/v2\/pages\/1006"}],"collection":[{"href":"http:\/\/www.start.hekko24.pl\/studio\/wp-json\/wp\/v2\/pages"}],"about":[{"href":"http:\/\/www.start.hekko24.pl\/studio\/wp-json\/wp\/v2\/types\/page"}],"author":[{"embeddable":true,"href":"http:\/\/www.start.hekko24.pl\/studio\/wp-json\/wp\/v2\/users\/1"}],"replies":[{"embeddable":true,"href":"http:\/\/www.start.hekko24.pl\/studio\/wp-json\/wp\/v2\/comments?post=1006"}],"version-history":[{"count":3,"href":"http:\/\/www.start.hekko24.pl\/studio\/wp-json\/wp\/v2\/pages\/1006\/revisions"}],"predecessor-version":[{"id":1256,"href":"http:\/\/www.start.hekko24.pl\/studio\/wp-json\/wp\/v2\/pages\/1006\/revisions\/1256"}],"up":[{"embeddable":true,"href":"http:\/\/www.start.hekko24.pl\/studio\/wp-json\/wp\/v2\/pages\/43"}],"wp:attachment":[{"href":"http:\/\/www.start.hekko24.pl\/studio\/wp-json\/wp\/v2\/media?parent=1006"}],"curies":[{"name":"wp","href":"https:\/\/api.w.org\/{rel}","templated":true}]}}