{"id":49,"date":"2015-05-25T12:14:14","date_gmt":"2015-05-25T12:14:14","guid":{"rendered":"http:\/\/www.start.hekko24.pl\/studio\/?page_id=49"},"modified":"2023-09-29T13:53:58","modified_gmt":"2023-09-29T11:53:58","slug":"o-nas","status":"publish","type":"page","link":"http:\/\/www.start.hekko24.pl\/studio\/bonata\/o-nas\/","title":{"rendered":"O NAS"},"content":{"rendered":"\n<h3 class=\"wp-block-heading\"><a href=\"http:\/\/www.start.hekko24.pl\/studio\/wp-content\/uploads\/2015\/05\/beata.jpg\" data-rel=\"lightbox-image-0\" data-rl_title=\"\" data-rl_caption=\"\" title=\"\"><img decoding=\"async\" loading=\"lazy\" class=\"wp-image-479 size-medium alignright\" src=\"http:\/\/www.start.hekko24.pl\/studio\/wp-content\/uploads\/2015\/05\/beata-300x300.jpg\" alt=\"\" width=\"300\" height=\"300\" srcset=\"http:\/\/www.start.hekko24.pl\/studio\/wp-content\/uploads\/2015\/05\/beata-300x300.jpg 300w, http:\/\/www.start.hekko24.pl\/studio\/wp-content\/uploads\/2015\/05\/beata-150x150.jpg 150w, http:\/\/www.start.hekko24.pl\/studio\/wp-content\/uploads\/2015\/05\/beata-768x768.jpg 768w, http:\/\/www.start.hekko24.pl\/studio\/wp-content\/uploads\/2015\/05\/beata.jpg 800w\" sizes=\"(max-width: 300px) 100vw, 300px\" \/><\/a>Beata Pawe\u0142czyk<\/h3>\n\n\n\n<p><em>Dyrektor kreatywny<\/em><\/p>\n\n\n\n<p>Autorka wielu koncepcji oraz wdro\u017conych projekt\u00f3w. W swojej pracy kieruje si\u0119 wiedz\u0105, ale tak\u017ce intuicj\u0105. Inspiracji szuka cz\u0119sto poza pracowni\u0105, a czerpie je z \u017cycia, dlatego nie traci ani chwili.<\/p>\n\n\n\n<h3 class=\"wp-block-heading\"><\/h3>\n\n\n\n<p><\/p>\n\n\n\n<h3 class=\"wp-block-heading\">&nbsp;<\/h3>\n","protected":false},"excerpt":{"rendered":"<p>Beata Pawe\u0142czyk Dyrektor kreatywny Autorka wielu koncepcji oraz wdro\u017conych projekt\u00f3w. W swojej pracy kieruje si\u0119 wiedz\u0105, ale tak\u017ce intuicj\u0105. Inspiracji szuka cz\u0119sto poza pracowni\u0105, a czerpie je z \u017cycia, dlatego nie traci ani chwili. &nbsp;<\/p>\n","protected":false},"author":1,"featured_media":1271,"parent":5,"menu_order":0,"comment_status":"closed","ping_status":"closed","template":"","meta":{"footnotes":""},"yoast_head":"<!-- This site is optimized with the Yoast SEO plugin v21.2 - https:\/\/yoast.com\/wordpress\/plugins\/seo\/ -->\n<title>o nas<\/title>\n<meta name=\"description\" content=\"O NAS. Nasz zesp\u00f3\u0142: Beata Pawe\u0142czyk - Dyrektor kreatywny, Marta Dulska - Grafik\/projektant, Magda Mikiewicz - Grafik komputerowy.\" \/>\n<meta name=\"robots\" content=\"index, follow, max-snippet:-1, max-image-preview:large, max-video-preview:-1\" \/>\n<link rel=\"canonical\" href=\"http:\/\/www.start.hekko24.pl\/studio\/f9Nqo\" \/>\n<meta property=\"og:locale\" content=\"pl_PL\" \/>\n<meta property=\"og:type\" content=\"article\" \/>\n<meta property=\"og:title\" content=\"o nas\" \/>\n<meta property=\"og:description\" content=\"O NAS. Nasz zesp\u00f3\u0142: Beata Pawe\u0142czyk - Dyrektor kreatywny, Marta Dulska - Grafik\/projektant, Magda Mikiewicz - Grafik komputerowy.\" \/>\n<meta property=\"og:url\" content=\"http:\/\/www.start.hekko24.pl\/studio\/bonata\/o-nas\/\" \/>\n<meta property=\"article:modified_time\" content=\"2023-09-29T11:53:58+00:00\" \/>\n<meta property=\"og:image\" content=\"http:\/\/www.start.hekko24.pl\/studio\/wp-content\/uploads\/2018\/05\/onas_1-1024x439.png\" \/>\n\t<meta property=\"og:image:width\" content=\"1024\" \/>\n\t<meta property=\"og:image:height\" content=\"439\" \/>\n\t<meta property=\"og:image:type\" content=\"image\/png\" \/>\n<meta name=\"twitter:card\" content=\"summary_large_image\" \/>\n<meta name=\"twitter:label1\" content=\"Szacowany czas czytania\" \/>\n\t<meta name=\"twitter:data1\" content=\"1 minuta\" \/>\n<script type=\"application\/ld+json\" class=\"yoast-schema-graph\">{\"@context\":\"https:\/\/schema.org\",\"@graph\":[{\"@type\":\"WebPage\",\"@id\":\"http:\/\/www.start.hekko24.pl\/studio\/bonata\/o-nas\/\",\"url\":\"http:\/\/www.start.hekko24.pl\/studio\/bonata\/o-nas\/\",\"name\":\"o nas\",\"isPartOf\":{\"@id\":\"http:\/\/www.start.hekko24.pl\/studio\/#website\"},\"datePublished\":\"2015-05-25T12:14:14+00:00\",\"dateModified\":\"2023-09-29T11:53:58+00:00\",\"description\":\"O NAS. Nasz zesp\u00f3\u0142: Beata Pawe\u0142czyk - Dyrektor kreatywny, Marta Dulska - Grafik\/projektant, Magda Mikiewicz - Grafik komputerowy.\",\"breadcrumb\":{\"@id\":\"http:\/\/www.start.hekko24.pl\/studio\/bonata\/o-nas\/#breadcrumb\"},\"inLanguage\":\"pl-PL\",\"potentialAction\":[{\"@type\":\"ReadAction\",\"target\":[\"http:\/\/www.start.hekko24.pl\/studio\/bonata\/o-nas\/\"]}]},{\"@type\":\"BreadcrumbList\",\"@id\":\"http:\/\/www.start.hekko24.pl\/studio\/bonata\/o-nas\/#breadcrumb\",\"itemListElement\":[{\"@type\":\"ListItem\",\"position\":1,\"name\":\"Strona g\u0142\u00f3wna\",\"item\":\"http:\/\/www.start.hekko24.pl\/studio\/\"},{\"@type\":\"ListItem\",\"position\":2,\"name\":\"BONATA\",\"item\":\"http:\/\/www.start.hekko24.pl\/studio\/\"},{\"@type\":\"ListItem\",\"position\":3,\"name\":\"O NAS\"}]},{\"@type\":\"WebSite\",\"@id\":\"http:\/\/www.start.hekko24.pl\/studio\/#website\",\"url\":\"http:\/\/www.start.hekko24.pl\/studio\/\",\"name\":\"\",\"description\":\"\",\"potentialAction\":[{\"@type\":\"SearchAction\",\"target\":{\"@type\":\"EntryPoint\",\"urlTemplate\":\"http:\/\/www.start.hekko24.pl\/studio\/?s={search_term_string}\"},\"query-input\":\"required name=search_term_string\"}],\"inLanguage\":\"pl-PL\"}]}<\/script>\n<!-- \/ Yoast SEO plugin. -->","yoast_head_json":{"title":"o nas","description":"O NAS. Nasz zesp\u00f3\u0142: Beata Pawe\u0142czyk - Dyrektor kreatywny, Marta Dulska - Grafik\/projektant, Magda Mikiewicz - Grafik komputerowy.","robots":{"index":"index","follow":"follow","max-snippet":"max-snippet:-1","max-image-preview":"max-image-preview:large","max-video-preview":"max-video-preview:-1"},"canonical":"http:\/\/www.start.hekko24.pl\/studio\/f9Nqo","og_locale":"pl_PL","og_type":"article","og_title":"o nas","og_description":"O NAS. Nasz zesp\u00f3\u0142: Beata Pawe\u0142czyk - Dyrektor kreatywny, Marta Dulska - Grafik\/projektant, Magda Mikiewicz - Grafik komputerowy.","og_url":"http:\/\/www.start.hekko24.pl\/studio\/bonata\/o-nas\/","article_modified_time":"2023-09-29T11:53:58+00:00","og_image":[{"width":1024,"height":439,"url":"http:\/\/www.start.hekko24.pl\/studio\/wp-content\/uploads\/2018\/05\/onas_1-1024x439.png","type":"image\/png"}],"twitter_card":"summary_large_image","twitter_misc":{"Szacowany czas czytania":"1 minuta"},"schema":{"@context":"https:\/\/schema.org","@graph":[{"@type":"WebPage","@id":"http:\/\/www.start.hekko24.pl\/studio\/bonata\/o-nas\/","url":"http:\/\/www.start.hekko24.pl\/studio\/bonata\/o-nas\/","name":"o nas","isPartOf":{"@id":"http:\/\/www.start.hekko24.pl\/studio\/#website"},"datePublished":"2015-05-25T12:14:14+00:00","dateModified":"2023-09-29T11:53:58+00:00","description":"O NAS. Nasz zesp\u00f3\u0142: Beata Pawe\u0142czyk - Dyrektor kreatywny, Marta Dulska - Grafik\/projektant, Magda Mikiewicz - Grafik komputerowy.","breadcrumb":{"@id":"http:\/\/www.start.hekko24.pl\/studio\/bonata\/o-nas\/#breadcrumb"},"inLanguage":"pl-PL","potentialAction":[{"@type":"ReadAction","target":["http:\/\/www.start.hekko24.pl\/studio\/bonata\/o-nas\/"]}]},{"@type":"BreadcrumbList","@id":"http:\/\/www.start.hekko24.pl\/studio\/bonata\/o-nas\/#breadcrumb","itemListElement":[{"@type":"ListItem","position":1,"name":"Strona g\u0142\u00f3wna","item":"http:\/\/www.start.hekko24.pl\/studio\/"},{"@type":"ListItem","position":2,"name":"BONATA","item":"http:\/\/www.start.hekko24.pl\/studio\/"},{"@type":"ListItem","position":3,"name":"O NAS"}]},{"@type":"WebSite","@id":"http:\/\/www.start.hekko24.pl\/studio\/#website","url":"http:\/\/www.start.hekko24.pl\/studio\/","name":"","description":"","potentialAction":[{"@type":"SearchAction","target":{"@type":"EntryPoint","urlTemplate":"http:\/\/www.start.hekko24.pl\/studio\/?s={search_term_string}"},"query-input":"required name=search_term_string"}],"inLanguage":"pl-PL"}]}},"_links":{"self":[{"href":"http:\/\/www.start.hekko24.pl\/studio\/wp-json\/wp\/v2\/pages\/49"}],"collection":[{"href":"http:\/\/www.start.hekko24.pl\/studio\/wp-json\/wp\/v2\/pages"}],"about":[{"href":"http:\/\/www.start.hekko24.pl\/studio\/wp-json\/wp\/v2\/types\/page"}],"author":[{"embeddable":true,"href":"http:\/\/www.start.hekko24.pl\/studio\/wp-json\/wp\/v2\/users\/1"}],"replies":[{"embeddable":true,"href":"http:\/\/www.start.hekko24.pl\/studio\/wp-json\/wp\/v2\/comments?post=49"}],"version-history":[{"count":30,"href":"http:\/\/www.start.hekko24.pl\/studio\/wp-json\/wp\/v2\/pages\/49\/revisions"}],"predecessor-version":[{"id":1470,"href":"http:\/\/www.start.hekko24.pl\/studio\/wp-json\/wp\/v2\/pages\/49\/revisions\/1470"}],"up":[{"embeddable":true,"href":"http:\/\/www.start.hekko24.pl\/studio\/wp-json\/wp\/v2\/pages\/5"}],"wp:featuredmedia":[{"embeddable":true,"href":"http:\/\/www.start.hekko24.pl\/studio\/wp-json\/wp\/v2\/media\/1271"}],"wp:attachment":[{"href":"http:\/\/www.start.hekko24.pl\/studio\/wp-json\/wp\/v2\/media?parent=49"}],"curies":[{"name":"wp","href":"https:\/\/api.w.org\/{rel}","templated":true}]}}