{"id":5,"date":"2015-05-25T09:53:27","date_gmt":"2015-05-25T09:53:27","guid":{"rendered":"http:\/\/www.start.hekko24.pl\/studio\/?page_id=5"},"modified":"2023-06-23T12:51:15","modified_gmt":"2023-06-23T10:51:15","slug":"bonata","status":"publish","type":"page","link":"http:\/\/www.start.hekko24.pl\/studio\/","title":{"rendered":"BONATA"},"content":{"rendered":"<h2><\/h2>\n<h2>STUDIO BONATA<\/h2>\n<p>Profesjonaln\u0105 reklam\u0105 zajmujemy si\u0119 od 2002 roku. Przez lata wsp\u00f3lnej pracy nabrali\u015bmy do\u015bwiadczenia, wzajemnego zaufania<br \/>\noraz umiej\u0119tno\u015bci, kt\u00f3rymi ch\u0119tnie dzielimy si\u0119 z Klientami. Stawiamy na wysok\u0105 jako\u015b\u0107 tego, pod czym si\u0119 podpisujemy. Nie obawiamy si\u0119 ambitnych zada\u0144. Bez wzgl\u0119du na to, czy s\u0105 du\u017ce czy ma\u0142e, realizujemy je z r\u00f3wnym zapa\u0142em.<\/p>\n<h2>ZNAJD\u0179 SW\u00d3J IDEALNY STYL &#8211;<br \/>\nMY ZADBAMY O RESZT\u0118!<\/h2>\n<p>Wymy\u015blamy, kreujemy, projektujemy, weryfikujemy, wykonujemy, wdra\u017camy i dostarczamy ka\u017cdy rodzaj reklamy, jaki mo\u017cna sobie wyobrazi\u0107 &#8211; na dowolnym materiale. Wszystkie zlecenia poprzedzamy dok\u0142adn\u0105 analiz\u0105 oczekiwa\u0144 Klienta, gdy\u017c praktyka pokazuje,<br \/>\n\u017ce zawsze najlepsze efekty przynosi urzeczywistnienie Jego marze\u0144.<\/p>\n","protected":false},"excerpt":{"rendered":"<p>STUDIO BONATA Profesjonaln\u0105 reklam\u0105 zajmujemy si\u0119 od 2002 roku. Przez lata wsp\u00f3lnej pracy nabrali\u015bmy do\u015bwiadczenia, wzajemnego zaufania oraz umiej\u0119tno\u015bci, kt\u00f3rymi ch\u0119tnie dzielimy si\u0119 z Klientami. Stawiamy na wysok\u0105 jako\u015b\u0107 tego, pod czym si\u0119 podpisujemy. Nie obawiamy si\u0119 ambitnych zada\u0144. Bez wzgl\u0119du na to, czy s\u0105 du\u017ce czy ma\u0142e, realizujemy je z r\u00f3wnym zapa\u0142em. ZNAJD\u0179 SW\u00d3J &hellip; <\/p>\n<p class=\"link-more\"><a href=\"http:\/\/www.start.hekko24.pl\/studio\/\" class=\"more-link\">Czytaj dalej<span class=\"screen-reader-text\"> \u201eBONATA\u201d<\/span><\/a><\/p>\n","protected":false},"author":1,"featured_media":0,"parent":0,"menu_order":0,"comment_status":"closed","ping_status":"closed","template":"","meta":{"footnotes":""},"yoast_head":"<!-- This site is optimized with the Yoast SEO plugin v21.2 - https:\/\/yoast.com\/wordpress\/plugins\/seo\/ -->\n<title>BONATA -<\/title>\n<meta name=\"description\" content=\"BONATA Studio Reklamy - wymy\u015blamy, kreujemy, projektujemy, weryfikujemy, wykonujemy, wdra\u017camy i dostarczamy ka\u017cdy rodzaj reklamy, jaki mo\u017cna sobie wyobrazi\u0107!\" \/>\n<meta name=\"robots\" content=\"index, follow, max-snippet:-1, max-image-preview:large, max-video-preview:-1\" \/>\n<link rel=\"canonical\" href=\"http:\/\/www.start.hekko24.pl\/studio\/p07sE\" \/>\n<meta property=\"og:locale\" content=\"pl_PL\" \/>\n<meta property=\"og:type\" content=\"article\" \/>\n<meta property=\"og:title\" content=\"BONATA -\" \/>\n<meta property=\"og:description\" content=\"BONATA Studio Reklamy - wymy\u015blamy, kreujemy, projektujemy, weryfikujemy, wykonujemy, wdra\u017camy i dostarczamy ka\u017cdy rodzaj reklamy, jaki mo\u017cna sobie wyobrazi\u0107!\" \/>\n<meta property=\"og:url\" content=\"http:\/\/www.start.hekko24.pl\/studio\/\" \/>\n<meta property=\"article:modified_time\" content=\"2023-06-23T10:51:15+00:00\" \/>\n<meta name=\"twitter:card\" content=\"summary_large_image\" \/>\n<script type=\"application\/ld+json\" class=\"yoast-schema-graph\">{\"@context\":\"https:\/\/schema.org\",\"@graph\":[{\"@type\":\"WebPage\",\"@id\":\"http:\/\/www.start.hekko24.pl\/studio\/\",\"url\":\"http:\/\/www.start.hekko24.pl\/studio\/\",\"name\":\"BONATA -\",\"isPartOf\":{\"@id\":\"http:\/\/www.start.hekko24.pl\/studio\/#website\"},\"datePublished\":\"2015-05-25T09:53:27+00:00\",\"dateModified\":\"2023-06-23T10:51:15+00:00\",\"description\":\"BONATA Studio Reklamy - wymy\u015blamy, kreujemy, projektujemy, weryfikujemy, wykonujemy, wdra\u017camy i dostarczamy ka\u017cdy rodzaj reklamy, jaki mo\u017cna sobie wyobrazi\u0107!\",\"breadcrumb\":{\"@id\":\"http:\/\/www.start.hekko24.pl\/studio\/#breadcrumb\"},\"inLanguage\":\"pl-PL\",\"potentialAction\":[{\"@type\":\"ReadAction\",\"target\":[\"http:\/\/www.start.hekko24.pl\/studio\/\"]}]},{\"@type\":\"BreadcrumbList\",\"@id\":\"http:\/\/www.start.hekko24.pl\/studio\/#breadcrumb\",\"itemListElement\":[{\"@type\":\"ListItem\",\"position\":1,\"name\":\"Strona g\u0142\u00f3wna\",\"item\":\"http:\/\/www.start.hekko24.pl\/studio\/\"},{\"@type\":\"ListItem\",\"position\":2,\"name\":\"BONATA\"}]},{\"@type\":\"WebSite\",\"@id\":\"http:\/\/www.start.hekko24.pl\/studio\/#website\",\"url\":\"http:\/\/www.start.hekko24.pl\/studio\/\",\"name\":\"\",\"description\":\"\",\"potentialAction\":[{\"@type\":\"SearchAction\",\"target\":{\"@type\":\"EntryPoint\",\"urlTemplate\":\"http:\/\/www.start.hekko24.pl\/studio\/?s={search_term_string}\"},\"query-input\":\"required name=search_term_string\"}],\"inLanguage\":\"pl-PL\"}]}<\/script>\n<!-- \/ Yoast SEO plugin. -->","yoast_head_json":{"title":"BONATA -","description":"BONATA Studio Reklamy - wymy\u015blamy, kreujemy, projektujemy, weryfikujemy, wykonujemy, wdra\u017camy i dostarczamy ka\u017cdy rodzaj reklamy, jaki mo\u017cna sobie wyobrazi\u0107!","robots":{"index":"index","follow":"follow","max-snippet":"max-snippet:-1","max-image-preview":"max-image-preview:large","max-video-preview":"max-video-preview:-1"},"canonical":"http:\/\/www.start.hekko24.pl\/studio\/p07sE","og_locale":"pl_PL","og_type":"article","og_title":"BONATA -","og_description":"BONATA Studio Reklamy - wymy\u015blamy, kreujemy, projektujemy, weryfikujemy, wykonujemy, wdra\u017camy i dostarczamy ka\u017cdy rodzaj reklamy, jaki mo\u017cna sobie wyobrazi\u0107!","og_url":"http:\/\/www.start.hekko24.pl\/studio\/","article_modified_time":"2023-06-23T10:51:15+00:00","twitter_card":"summary_large_image","schema":{"@context":"https:\/\/schema.org","@graph":[{"@type":"WebPage","@id":"http:\/\/www.start.hekko24.pl\/studio\/","url":"http:\/\/www.start.hekko24.pl\/studio\/","name":"BONATA -","isPartOf":{"@id":"http:\/\/www.start.hekko24.pl\/studio\/#website"},"datePublished":"2015-05-25T09:53:27+00:00","dateModified":"2023-06-23T10:51:15+00:00","description":"BONATA Studio Reklamy - wymy\u015blamy, kreujemy, projektujemy, weryfikujemy, wykonujemy, wdra\u017camy i dostarczamy ka\u017cdy rodzaj reklamy, jaki mo\u017cna sobie wyobrazi\u0107!","breadcrumb":{"@id":"http:\/\/www.start.hekko24.pl\/studio\/#breadcrumb"},"inLanguage":"pl-PL","potentialAction":[{"@type":"ReadAction","target":["http:\/\/www.start.hekko24.pl\/studio\/"]}]},{"@type":"BreadcrumbList","@id":"http:\/\/www.start.hekko24.pl\/studio\/#breadcrumb","itemListElement":[{"@type":"ListItem","position":1,"name":"Strona g\u0142\u00f3wna","item":"http:\/\/www.start.hekko24.pl\/studio\/"},{"@type":"ListItem","position":2,"name":"BONATA"}]},{"@type":"WebSite","@id":"http:\/\/www.start.hekko24.pl\/studio\/#website","url":"http:\/\/www.start.hekko24.pl\/studio\/","name":"","description":"","potentialAction":[{"@type":"SearchAction","target":{"@type":"EntryPoint","urlTemplate":"http:\/\/www.start.hekko24.pl\/studio\/?s={search_term_string}"},"query-input":"required name=search_term_string"}],"inLanguage":"pl-PL"}]}},"_links":{"self":[{"href":"http:\/\/www.start.hekko24.pl\/studio\/wp-json\/wp\/v2\/pages\/5"}],"collection":[{"href":"http:\/\/www.start.hekko24.pl\/studio\/wp-json\/wp\/v2\/pages"}],"about":[{"href":"http:\/\/www.start.hekko24.pl\/studio\/wp-json\/wp\/v2\/types\/page"}],"author":[{"embeddable":true,"href":"http:\/\/www.start.hekko24.pl\/studio\/wp-json\/wp\/v2\/users\/1"}],"replies":[{"embeddable":true,"href":"http:\/\/www.start.hekko24.pl\/studio\/wp-json\/wp\/v2\/comments?post=5"}],"version-history":[{"count":178,"href":"http:\/\/www.start.hekko24.pl\/studio\/wp-json\/wp\/v2\/pages\/5\/revisions"}],"predecessor-version":[{"id":1467,"href":"http:\/\/www.start.hekko24.pl\/studio\/wp-json\/wp\/v2\/pages\/5\/revisions\/1467"}],"wp:attachment":[{"href":"http:\/\/www.start.hekko24.pl\/studio\/wp-json\/wp\/v2\/media?parent=5"}],"curies":[{"name":"wp","href":"https:\/\/api.w.org\/{rel}","templated":true}]}}