{"id":896,"date":"2018-02-06T09:31:44","date_gmt":"2018-02-06T08:31:44","guid":{"rendered":"http:\/\/www.start.hekko24.pl\/studio\/?page_id=896"},"modified":"2018-02-06T09:34:18","modified_gmt":"2018-02-06T08:34:18","slug":"wizytowki","status":"publish","type":"page","link":"http:\/\/www.start.hekko24.pl\/studio\/realizacje\/wizytowki\/","title":{"rendered":"WIZYT\u00d3WKI"},"content":{"rendered":"<p>&nbsp;<\/p>\n<div id='gallery-1' class='gallery galleryid-896 gallery-columns-3 gallery-size-thumbnail'><figure class='gallery-item'>\n\t\t\t<div class='gallery-icon landscape'>\n\t\t\t\t<a href='http:\/\/www.start.hekko24.pl\/studio\/wp-content\/uploads\/2018\/02\/w_Artjani1.jpg' title=\"\" data-rl_title=\"\" class=\"rl-gallery-link\" data-rl_caption=\"\" data-rel=\"lightbox-gallery-1\"><img width=\"150\" height=\"150\" src=\"http:\/\/www.start.hekko24.pl\/studio\/wp-content\/uploads\/2018\/02\/w_Artjani1-150x150.jpg\" class=\"attachment-thumbnail size-thumbnail\" alt=\"\" decoding=\"async\" loading=\"lazy\" srcset=\"http:\/\/www.start.hekko24.pl\/studio\/wp-content\/uploads\/2018\/02\/w_Artjani1-150x150.jpg 150w, http:\/\/www.start.hekko24.pl\/studio\/wp-content\/uploads\/2018\/02\/w_Artjani1-100x100.jpg 100w\" sizes=\"100vw\" \/><\/a>\n\t\t\t<\/div><\/figure><figure class='gallery-item'>\n\t\t\t<div class='gallery-icon landscape'>\n\t\t\t\t<a href='http:\/\/www.start.hekko24.pl\/studio\/wp-content\/uploads\/2018\/02\/w_monika_1.jpg' title=\"\" data-rl_title=\"\" class=\"rl-gallery-link\" data-rl_caption=\"\" data-rel=\"lightbox-gallery-1\"><img width=\"150\" height=\"150\" src=\"http:\/\/www.start.hekko24.pl\/studio\/wp-content\/uploads\/2018\/02\/w_monika_1-150x150.jpg\" class=\"attachment-thumbnail size-thumbnail\" alt=\"\" decoding=\"async\" loading=\"lazy\" srcset=\"http:\/\/www.start.hekko24.pl\/studio\/wp-content\/uploads\/2018\/02\/w_monika_1-150x150.jpg 150w, http:\/\/www.start.hekko24.pl\/studio\/wp-content\/uploads\/2018\/02\/w_monika_1-100x100.jpg 100w\" sizes=\"100vw\" \/><\/a>\n\t\t\t<\/div><\/figure><figure class='gallery-item'>\n\t\t\t<div class='gallery-icon landscape'>\n\t\t\t\t<a href='http:\/\/www.start.hekko24.pl\/studio\/wp-content\/uploads\/2018\/02\/w_magda_1.jpg' title=\"\" data-rl_title=\"\" class=\"rl-gallery-link\" data-rl_caption=\"\" data-rel=\"lightbox-gallery-1\"><img width=\"150\" height=\"150\" src=\"http:\/\/www.start.hekko24.pl\/studio\/wp-content\/uploads\/2018\/02\/w_magda_1-150x150.jpg\" class=\"attachment-thumbnail size-thumbnail\" alt=\"\" decoding=\"async\" loading=\"lazy\" srcset=\"http:\/\/www.start.hekko24.pl\/studio\/wp-content\/uploads\/2018\/02\/w_magda_1-150x150.jpg 150w, http:\/\/www.start.hekko24.pl\/studio\/wp-content\/uploads\/2018\/02\/w_magda_1-100x100.jpg 100w\" sizes=\"100vw\" \/><\/a>\n\t\t\t<\/div><\/figure><figure class='gallery-item'>\n\t\t\t<div class='gallery-icon landscape'>\n\t\t\t\t<a href='http:\/\/www.start.hekko24.pl\/studio\/wp-content\/uploads\/2018\/02\/w_bacry.jpg' title=\"\" data-rl_title=\"\" class=\"rl-gallery-link\" data-rl_caption=\"\" data-rel=\"lightbox-gallery-1\"><img width=\"150\" height=\"150\" src=\"http:\/\/www.start.hekko24.pl\/studio\/wp-content\/uploads\/2018\/02\/w_bacry-150x150.jpg\" class=\"attachment-thumbnail size-thumbnail\" alt=\"\" decoding=\"async\" loading=\"lazy\" srcset=\"http:\/\/www.start.hekko24.pl\/studio\/wp-content\/uploads\/2018\/02\/w_bacry-150x150.jpg 150w, http:\/\/www.start.hekko24.pl\/studio\/wp-content\/uploads\/2018\/02\/w_bacry-100x100.jpg 100w\" sizes=\"100vw\" \/><\/a>\n\t\t\t<\/div><\/figure><figure class='gallery-item'>\n\t\t\t<div class='gallery-icon landscape'>\n\t\t\t\t<a href='http:\/\/www.start.hekko24.pl\/studio\/wp-content\/uploads\/2018\/02\/w_KK1.jpg' title=\"\" data-rl_title=\"\" class=\"rl-gallery-link\" data-rl_caption=\"\" data-rel=\"lightbox-gallery-1\"><img width=\"150\" height=\"150\" src=\"http:\/\/www.start.hekko24.pl\/studio\/wp-content\/uploads\/2018\/02\/w_KK1-150x150.jpg\" class=\"attachment-thumbnail size-thumbnail\" alt=\"\" decoding=\"async\" loading=\"lazy\" srcset=\"http:\/\/www.start.hekko24.pl\/studio\/wp-content\/uploads\/2018\/02\/w_KK1-150x150.jpg 150w, http:\/\/www.start.hekko24.pl\/studio\/wp-content\/uploads\/2018\/02\/w_KK1-100x100.jpg 100w\" sizes=\"100vw\" \/><\/a>\n\t\t\t<\/div><\/figure><figure class='gallery-item'>\n\t\t\t<div class='gallery-icon landscape'>\n\t\t\t\t<a href='http:\/\/www.start.hekko24.pl\/studio\/wp-content\/uploads\/2018\/02\/w_mariola_1a.jpg' title=\"\" data-rl_title=\"\" class=\"rl-gallery-link\" data-rl_caption=\"\" data-rel=\"lightbox-gallery-1\"><img width=\"150\" height=\"150\" src=\"http:\/\/www.start.hekko24.pl\/studio\/wp-content\/uploads\/2018\/02\/w_mariola_1a-150x150.jpg\" class=\"attachment-thumbnail size-thumbnail\" alt=\"\" decoding=\"async\" loading=\"lazy\" srcset=\"http:\/\/www.start.hekko24.pl\/studio\/wp-content\/uploads\/2018\/02\/w_mariola_1a-150x150.jpg 150w, http:\/\/www.start.hekko24.pl\/studio\/wp-content\/uploads\/2018\/02\/w_mariola_1a-100x100.jpg 100w\" sizes=\"100vw\" \/><\/a>\n\t\t\t<\/div><\/figure>\n\t\t<\/div>\n\n<p>&nbsp;<\/p>\n","protected":false},"excerpt":{"rendered":"<p>&nbsp; &nbsp;<\/p>\n","protected":false},"author":1,"featured_media":0,"parent":43,"menu_order":2,"comment_status":"closed","ping_status":"closed","template":"","meta":{"footnotes":""},"yoast_head":"<!-- This site is optimized with the Yoast SEO plugin v21.2 - https:\/\/yoast.com\/wordpress\/plugins\/seo\/ -->\n<title>Wizyt\u00f3wki<\/title>\n<meta name=\"description\" content=\"Tworzymy niepowtarzalne wizyt\u00f3wki na papierach ozdobnych, barwionych kartonach, na plastiku, z t\u0142oczeniami, wyci\u0119ciami, z\u0142oceniami itp.\" \/>\n<meta name=\"robots\" content=\"index, follow, max-snippet:-1, max-image-preview:large, max-video-preview:-1\" \/>\n<link rel=\"canonical\" href=\"http:\/\/www.start.hekko24.pl\/studio\/z967M\" \/>\n<meta property=\"og:locale\" content=\"pl_PL\" \/>\n<meta property=\"og:type\" content=\"article\" \/>\n<meta property=\"og:title\" content=\"Wizyt\u00f3wki\" \/>\n<meta property=\"og:description\" content=\"Tworzymy niepowtarzalne wizyt\u00f3wki na papierach ozdobnych, barwionych kartonach, na plastiku, z t\u0142oczeniami, wyci\u0119ciami, z\u0142oceniami itp.\" \/>\n<meta property=\"og:url\" content=\"http:\/\/www.start.hekko24.pl\/studio\/realizacje\/wizytowki\/\" \/>\n<meta property=\"article:modified_time\" content=\"2018-02-06T08:34:18+00:00\" \/>\n<meta property=\"og:image\" content=\"http:\/\/www.start.hekko24.pl\/studio\/wp-content\/uploads\/2018\/02\/w_Artjani1-150x150.jpg\" \/>\n<meta name=\"twitter:card\" content=\"summary_large_image\" \/>\n<script type=\"application\/ld+json\" class=\"yoast-schema-graph\">{\"@context\":\"https:\/\/schema.org\",\"@graph\":[{\"@type\":\"WebPage\",\"@id\":\"http:\/\/www.start.hekko24.pl\/studio\/realizacje\/wizytowki\/\",\"url\":\"http:\/\/www.start.hekko24.pl\/studio\/realizacje\/wizytowki\/\",\"name\":\"Wizyt\u00f3wki\",\"isPartOf\":{\"@id\":\"http:\/\/www.start.hekko24.pl\/studio\/#website\"},\"datePublished\":\"2018-02-06T08:31:44+00:00\",\"dateModified\":\"2018-02-06T08:34:18+00:00\",\"description\":\"Tworzymy niepowtarzalne wizyt\u00f3wki na papierach ozdobnych, barwionych kartonach, na plastiku, z t\u0142oczeniami, wyci\u0119ciami, z\u0142oceniami itp.\",\"breadcrumb\":{\"@id\":\"http:\/\/www.start.hekko24.pl\/studio\/realizacje\/wizytowki\/#breadcrumb\"},\"inLanguage\":\"pl-PL\",\"potentialAction\":[{\"@type\":\"ReadAction\",\"target\":[\"http:\/\/www.start.hekko24.pl\/studio\/realizacje\/wizytowki\/\"]}]},{\"@type\":\"BreadcrumbList\",\"@id\":\"http:\/\/www.start.hekko24.pl\/studio\/realizacje\/wizytowki\/#breadcrumb\",\"itemListElement\":[{\"@type\":\"ListItem\",\"position\":1,\"name\":\"Strona g\u0142\u00f3wna\",\"item\":\"http:\/\/www.start.hekko24.pl\/studio\/\"},{\"@type\":\"ListItem\",\"position\":2,\"name\":\"REALIZACJE\",\"item\":\"http:\/\/www.start.hekko24.pl\/studio\/realizacje\/\"},{\"@type\":\"ListItem\",\"position\":3,\"name\":\"WIZYT\u00d3WKI\"}]},{\"@type\":\"WebSite\",\"@id\":\"http:\/\/www.start.hekko24.pl\/studio\/#website\",\"url\":\"http:\/\/www.start.hekko24.pl\/studio\/\",\"name\":\"\",\"description\":\"\",\"potentialAction\":[{\"@type\":\"SearchAction\",\"target\":{\"@type\":\"EntryPoint\",\"urlTemplate\":\"http:\/\/www.start.hekko24.pl\/studio\/?s={search_term_string}\"},\"query-input\":\"required name=search_term_string\"}],\"inLanguage\":\"pl-PL\"}]}<\/script>\n<!-- \/ Yoast SEO plugin. -->","yoast_head_json":{"title":"Wizyt\u00f3wki","description":"Tworzymy niepowtarzalne wizyt\u00f3wki na papierach ozdobnych, barwionych kartonach, na plastiku, z t\u0142oczeniami, wyci\u0119ciami, z\u0142oceniami itp.","robots":{"index":"index","follow":"follow","max-snippet":"max-snippet:-1","max-image-preview":"max-image-preview:large","max-video-preview":"max-video-preview:-1"},"canonical":"http:\/\/www.start.hekko24.pl\/studio\/z967M","og_locale":"pl_PL","og_type":"article","og_title":"Wizyt\u00f3wki","og_description":"Tworzymy niepowtarzalne wizyt\u00f3wki na papierach ozdobnych, barwionych kartonach, na plastiku, z t\u0142oczeniami, wyci\u0119ciami, z\u0142oceniami itp.","og_url":"http:\/\/www.start.hekko24.pl\/studio\/realizacje\/wizytowki\/","article_modified_time":"2018-02-06T08:34:18+00:00","og_image":[{"url":"http:\/\/www.start.hekko24.pl\/studio\/wp-content\/uploads\/2018\/02\/w_Artjani1-150x150.jpg"}],"twitter_card":"summary_large_image","schema":{"@context":"https:\/\/schema.org","@graph":[{"@type":"WebPage","@id":"http:\/\/www.start.hekko24.pl\/studio\/realizacje\/wizytowki\/","url":"http:\/\/www.start.hekko24.pl\/studio\/realizacje\/wizytowki\/","name":"Wizyt\u00f3wki","isPartOf":{"@id":"http:\/\/www.start.hekko24.pl\/studio\/#website"},"datePublished":"2018-02-06T08:31:44+00:00","dateModified":"2018-02-06T08:34:18+00:00","description":"Tworzymy niepowtarzalne wizyt\u00f3wki na papierach ozdobnych, barwionych kartonach, na plastiku, z t\u0142oczeniami, wyci\u0119ciami, z\u0142oceniami itp.","breadcrumb":{"@id":"http:\/\/www.start.hekko24.pl\/studio\/realizacje\/wizytowki\/#breadcrumb"},"inLanguage":"pl-PL","potentialAction":[{"@type":"ReadAction","target":["http:\/\/www.start.hekko24.pl\/studio\/realizacje\/wizytowki\/"]}]},{"@type":"BreadcrumbList","@id":"http:\/\/www.start.hekko24.pl\/studio\/realizacje\/wizytowki\/#breadcrumb","itemListElement":[{"@type":"ListItem","position":1,"name":"Strona g\u0142\u00f3wna","item":"http:\/\/www.start.hekko24.pl\/studio\/"},{"@type":"ListItem","position":2,"name":"REALIZACJE","item":"http:\/\/www.start.hekko24.pl\/studio\/realizacje\/"},{"@type":"ListItem","position":3,"name":"WIZYT\u00d3WKI"}]},{"@type":"WebSite","@id":"http:\/\/www.start.hekko24.pl\/studio\/#website","url":"http:\/\/www.start.hekko24.pl\/studio\/","name":"","description":"","potentialAction":[{"@type":"SearchAction","target":{"@type":"EntryPoint","urlTemplate":"http:\/\/www.start.hekko24.pl\/studio\/?s={search_term_string}"},"query-input":"required name=search_term_string"}],"inLanguage":"pl-PL"}]}},"_links":{"self":[{"href":"http:\/\/www.start.hekko24.pl\/studio\/wp-json\/wp\/v2\/pages\/896"}],"collection":[{"href":"http:\/\/www.start.hekko24.pl\/studio\/wp-json\/wp\/v2\/pages"}],"about":[{"href":"http:\/\/www.start.hekko24.pl\/studio\/wp-json\/wp\/v2\/types\/page"}],"author":[{"embeddable":true,"href":"http:\/\/www.start.hekko24.pl\/studio\/wp-json\/wp\/v2\/users\/1"}],"replies":[{"embeddable":true,"href":"http:\/\/www.start.hekko24.pl\/studio\/wp-json\/wp\/v2\/comments?post=896"}],"version-history":[{"count":5,"href":"http:\/\/www.start.hekko24.pl\/studio\/wp-json\/wp\/v2\/pages\/896\/revisions"}],"predecessor-version":[{"id":1385,"href":"http:\/\/www.start.hekko24.pl\/studio\/wp-json\/wp\/v2\/pages\/896\/revisions\/1385"}],"up":[{"embeddable":true,"href":"http:\/\/www.start.hekko24.pl\/studio\/wp-json\/wp\/v2\/pages\/43"}],"wp:attachment":[{"href":"http:\/\/www.start.hekko24.pl\/studio\/wp-json\/wp\/v2\/media?parent=896"}],"curies":[{"name":"wp","href":"https:\/\/api.w.org\/{rel}","templated":true}]}}