{"id":926,"date":"2018-02-06T10:19:10","date_gmt":"2018-02-06T09:19:10","guid":{"rendered":"http:\/\/www.start.hekko24.pl\/studio\/?page_id=926"},"modified":"2018-02-06T10:19:10","modified_gmt":"2018-02-06T09:19:10","slug":"plakaty","status":"publish","type":"page","link":"http:\/\/www.start.hekko24.pl\/studio\/realizacje\/plakaty\/","title":{"rendered":"PLAKATY"},"content":{"rendered":"<div id='gallery-1' class='gallery galleryid-926 gallery-columns-3 gallery-size-thumbnail'><figure class='gallery-item'>\n\t\t\t<div class='gallery-icon landscape'>\n\t\t\t\t<a href='http:\/\/www.start.hekko24.pl\/studio\/wp-content\/uploads\/2018\/02\/P1.png' title=\"\" data-rl_title=\"\" class=\"rl-gallery-link\" data-rl_caption=\"\" data-rel=\"lightbox-gallery-1\"><img width=\"150\" height=\"150\" src=\"http:\/\/www.start.hekko24.pl\/studio\/wp-content\/uploads\/2018\/02\/P1-150x150.png\" class=\"attachment-thumbnail size-thumbnail\" alt=\"\" decoding=\"async\" loading=\"lazy\" srcset=\"http:\/\/www.start.hekko24.pl\/studio\/wp-content\/uploads\/2018\/02\/P1-150x150.png 150w, http:\/\/www.start.hekko24.pl\/studio\/wp-content\/uploads\/2018\/02\/P1-100x100.png 100w\" sizes=\"100vw\" \/><\/a>\n\t\t\t<\/div><\/figure><figure class='gallery-item'>\n\t\t\t<div class='gallery-icon landscape'>\n\t\t\t\t<a href='http:\/\/www.start.hekko24.pl\/studio\/wp-content\/uploads\/2018\/02\/P4.png' title=\"\" data-rl_title=\"\" class=\"rl-gallery-link\" data-rl_caption=\"\" data-rel=\"lightbox-gallery-1\"><img width=\"150\" height=\"150\" src=\"http:\/\/www.start.hekko24.pl\/studio\/wp-content\/uploads\/2018\/02\/P4-150x150.png\" class=\"attachment-thumbnail size-thumbnail\" alt=\"\" decoding=\"async\" loading=\"lazy\" srcset=\"http:\/\/www.start.hekko24.pl\/studio\/wp-content\/uploads\/2018\/02\/P4-150x150.png 150w, http:\/\/www.start.hekko24.pl\/studio\/wp-content\/uploads\/2018\/02\/P4-100x100.png 100w\" sizes=\"100vw\" \/><\/a>\n\t\t\t<\/div><\/figure><figure class='gallery-item'>\n\t\t\t<div class='gallery-icon landscape'>\n\t\t\t\t<a href='http:\/\/www.start.hekko24.pl\/studio\/wp-content\/uploads\/2018\/02\/P6.png' title=\"\" data-rl_title=\"\" class=\"rl-gallery-link\" data-rl_caption=\"\" data-rel=\"lightbox-gallery-1\"><img width=\"150\" height=\"150\" src=\"http:\/\/www.start.hekko24.pl\/studio\/wp-content\/uploads\/2018\/02\/P6-150x150.png\" class=\"attachment-thumbnail size-thumbnail\" alt=\"\" decoding=\"async\" loading=\"lazy\" srcset=\"http:\/\/www.start.hekko24.pl\/studio\/wp-content\/uploads\/2018\/02\/P6-150x150.png 150w, http:\/\/www.start.hekko24.pl\/studio\/wp-content\/uploads\/2018\/02\/P6-100x100.png 100w\" sizes=\"100vw\" \/><\/a>\n\t\t\t<\/div><\/figure><figure class='gallery-item'>\n\t\t\t<div class='gallery-icon landscape'>\n\t\t\t\t<a href='http:\/\/www.start.hekko24.pl\/studio\/wp-content\/uploads\/2018\/02\/P5.png' title=\"\" data-rl_title=\"\" class=\"rl-gallery-link\" data-rl_caption=\"\" data-rel=\"lightbox-gallery-1\"><img width=\"150\" height=\"150\" src=\"http:\/\/www.start.hekko24.pl\/studio\/wp-content\/uploads\/2018\/02\/P5-150x150.png\" class=\"attachment-thumbnail size-thumbnail\" alt=\"\" decoding=\"async\" loading=\"lazy\" srcset=\"http:\/\/www.start.hekko24.pl\/studio\/wp-content\/uploads\/2018\/02\/P5-150x150.png 150w, http:\/\/www.start.hekko24.pl\/studio\/wp-content\/uploads\/2018\/02\/P5-100x100.png 100w\" sizes=\"100vw\" \/><\/a>\n\t\t\t<\/div><\/figure><figure class='gallery-item'>\n\t\t\t<div class='gallery-icon landscape'>\n\t\t\t\t<a href='http:\/\/www.start.hekko24.pl\/studio\/wp-content\/uploads\/2018\/02\/P2.png' title=\"\" data-rl_title=\"\" class=\"rl-gallery-link\" data-rl_caption=\"\" data-rel=\"lightbox-gallery-1\"><img width=\"150\" height=\"150\" src=\"http:\/\/www.start.hekko24.pl\/studio\/wp-content\/uploads\/2018\/02\/P2-150x150.png\" class=\"attachment-thumbnail size-thumbnail\" alt=\"\" decoding=\"async\" loading=\"lazy\" srcset=\"http:\/\/www.start.hekko24.pl\/studio\/wp-content\/uploads\/2018\/02\/P2-150x150.png 150w, http:\/\/www.start.hekko24.pl\/studio\/wp-content\/uploads\/2018\/02\/P2-100x100.png 100w\" sizes=\"100vw\" \/><\/a>\n\t\t\t<\/div><\/figure><figure class='gallery-item'>\n\t\t\t<div class='gallery-icon landscape'>\n\t\t\t\t<a href='http:\/\/www.start.hekko24.pl\/studio\/wp-content\/uploads\/2018\/02\/P3.png' title=\"\" data-rl_title=\"\" class=\"rl-gallery-link\" data-rl_caption=\"\" data-rel=\"lightbox-gallery-1\"><img width=\"150\" height=\"150\" src=\"http:\/\/www.start.hekko24.pl\/studio\/wp-content\/uploads\/2018\/02\/P3-150x150.png\" class=\"attachment-thumbnail size-thumbnail\" alt=\"\" decoding=\"async\" loading=\"lazy\" srcset=\"http:\/\/www.start.hekko24.pl\/studio\/wp-content\/uploads\/2018\/02\/P3-150x150.png 150w, http:\/\/www.start.hekko24.pl\/studio\/wp-content\/uploads\/2018\/02\/P3-100x100.png 100w\" sizes=\"100vw\" \/><\/a>\n\t\t\t<\/div><\/figure>\n\t\t<\/div>\n\n","protected":false},"excerpt":{"rendered":"","protected":false},"author":1,"featured_media":0,"parent":43,"menu_order":3,"comment_status":"closed","ping_status":"closed","template":"","meta":{"footnotes":""},"yoast_head":"<!-- This site is optimized with the Yoast SEO plugin v21.2 - https:\/\/yoast.com\/wordpress\/plugins\/seo\/ -->\n<title>plakaty<\/title>\n<meta name=\"description\" content=\"Oferujemy projekty i druk plakat\u00f3w w r\u00f3\u017cnych formatach, na dowolnym pod\u0142o\u017cu, b\u0142yszcz\u0105ce, matowe, z lakierem wybi\u00f3rczym itp.\" \/>\n<meta name=\"robots\" content=\"index, follow, max-snippet:-1, max-image-preview:large, max-video-preview:-1\" \/>\n<link rel=\"canonical\" href=\"http:\/\/www.start.hekko24.pl\/studio\/0xE9S\" \/>\n<meta property=\"og:locale\" content=\"pl_PL\" \/>\n<meta property=\"og:type\" content=\"article\" \/>\n<meta property=\"og:title\" content=\"plakaty\" \/>\n<meta property=\"og:description\" content=\"Oferujemy projekty i druk plakat\u00f3w w r\u00f3\u017cnych formatach, na dowolnym pod\u0142o\u017cu, b\u0142yszcz\u0105ce, matowe, z lakierem wybi\u00f3rczym itp.\" \/>\n<meta property=\"og:url\" content=\"http:\/\/www.start.hekko24.pl\/studio\/realizacje\/plakaty\/\" \/>\n<meta property=\"og:image\" content=\"http:\/\/www.start.hekko24.pl\/studio\/wp-content\/uploads\/2018\/02\/P1-150x150.png\" \/>\n<meta name=\"twitter:card\" content=\"summary_large_image\" \/>\n<script type=\"application\/ld+json\" class=\"yoast-schema-graph\">{\"@context\":\"https:\/\/schema.org\",\"@graph\":[{\"@type\":\"WebPage\",\"@id\":\"http:\/\/www.start.hekko24.pl\/studio\/realizacje\/plakaty\/\",\"url\":\"http:\/\/www.start.hekko24.pl\/studio\/realizacje\/plakaty\/\",\"name\":\"plakaty\",\"isPartOf\":{\"@id\":\"http:\/\/www.start.hekko24.pl\/studio\/#website\"},\"datePublished\":\"2018-02-06T09:19:10+00:00\",\"dateModified\":\"2018-02-06T09:19:10+00:00\",\"description\":\"Oferujemy projekty i druk plakat\u00f3w w r\u00f3\u017cnych formatach, na dowolnym pod\u0142o\u017cu, b\u0142yszcz\u0105ce, matowe, z lakierem wybi\u00f3rczym itp.\",\"breadcrumb\":{\"@id\":\"http:\/\/www.start.hekko24.pl\/studio\/realizacje\/plakaty\/#breadcrumb\"},\"inLanguage\":\"pl-PL\",\"potentialAction\":[{\"@type\":\"ReadAction\",\"target\":[\"http:\/\/www.start.hekko24.pl\/studio\/realizacje\/plakaty\/\"]}]},{\"@type\":\"BreadcrumbList\",\"@id\":\"http:\/\/www.start.hekko24.pl\/studio\/realizacje\/plakaty\/#breadcrumb\",\"itemListElement\":[{\"@type\":\"ListItem\",\"position\":1,\"name\":\"Strona g\u0142\u00f3wna\",\"item\":\"http:\/\/www.start.hekko24.pl\/studio\/\"},{\"@type\":\"ListItem\",\"position\":2,\"name\":\"REALIZACJE\",\"item\":\"http:\/\/www.start.hekko24.pl\/studio\/realizacje\/\"},{\"@type\":\"ListItem\",\"position\":3,\"name\":\"PLAKATY\"}]},{\"@type\":\"WebSite\",\"@id\":\"http:\/\/www.start.hekko24.pl\/studio\/#website\",\"url\":\"http:\/\/www.start.hekko24.pl\/studio\/\",\"name\":\"\",\"description\":\"\",\"potentialAction\":[{\"@type\":\"SearchAction\",\"target\":{\"@type\":\"EntryPoint\",\"urlTemplate\":\"http:\/\/www.start.hekko24.pl\/studio\/?s={search_term_string}\"},\"query-input\":\"required name=search_term_string\"}],\"inLanguage\":\"pl-PL\"}]}<\/script>\n<!-- \/ Yoast SEO plugin. -->","yoast_head_json":{"title":"plakaty","description":"Oferujemy projekty i druk plakat\u00f3w w r\u00f3\u017cnych formatach, na dowolnym pod\u0142o\u017cu, b\u0142yszcz\u0105ce, matowe, z lakierem wybi\u00f3rczym itp.","robots":{"index":"index","follow":"follow","max-snippet":"max-snippet:-1","max-image-preview":"max-image-preview:large","max-video-preview":"max-video-preview:-1"},"canonical":"http:\/\/www.start.hekko24.pl\/studio\/0xE9S","og_locale":"pl_PL","og_type":"article","og_title":"plakaty","og_description":"Oferujemy projekty i druk plakat\u00f3w w r\u00f3\u017cnych formatach, na dowolnym pod\u0142o\u017cu, b\u0142yszcz\u0105ce, matowe, z lakierem wybi\u00f3rczym itp.","og_url":"http:\/\/www.start.hekko24.pl\/studio\/realizacje\/plakaty\/","og_image":[{"url":"http:\/\/www.start.hekko24.pl\/studio\/wp-content\/uploads\/2018\/02\/P1-150x150.png"}],"twitter_card":"summary_large_image","schema":{"@context":"https:\/\/schema.org","@graph":[{"@type":"WebPage","@id":"http:\/\/www.start.hekko24.pl\/studio\/realizacje\/plakaty\/","url":"http:\/\/www.start.hekko24.pl\/studio\/realizacje\/plakaty\/","name":"plakaty","isPartOf":{"@id":"http:\/\/www.start.hekko24.pl\/studio\/#website"},"datePublished":"2018-02-06T09:19:10+00:00","dateModified":"2018-02-06T09:19:10+00:00","description":"Oferujemy projekty i druk plakat\u00f3w w r\u00f3\u017cnych formatach, na dowolnym pod\u0142o\u017cu, b\u0142yszcz\u0105ce, matowe, z lakierem wybi\u00f3rczym itp.","breadcrumb":{"@id":"http:\/\/www.start.hekko24.pl\/studio\/realizacje\/plakaty\/#breadcrumb"},"inLanguage":"pl-PL","potentialAction":[{"@type":"ReadAction","target":["http:\/\/www.start.hekko24.pl\/studio\/realizacje\/plakaty\/"]}]},{"@type":"BreadcrumbList","@id":"http:\/\/www.start.hekko24.pl\/studio\/realizacje\/plakaty\/#breadcrumb","itemListElement":[{"@type":"ListItem","position":1,"name":"Strona g\u0142\u00f3wna","item":"http:\/\/www.start.hekko24.pl\/studio\/"},{"@type":"ListItem","position":2,"name":"REALIZACJE","item":"http:\/\/www.start.hekko24.pl\/studio\/realizacje\/"},{"@type":"ListItem","position":3,"name":"PLAKATY"}]},{"@type":"WebSite","@id":"http:\/\/www.start.hekko24.pl\/studio\/#website","url":"http:\/\/www.start.hekko24.pl\/studio\/","name":"","description":"","potentialAction":[{"@type":"SearchAction","target":{"@type":"EntryPoint","urlTemplate":"http:\/\/www.start.hekko24.pl\/studio\/?s={search_term_string}"},"query-input":"required name=search_term_string"}],"inLanguage":"pl-PL"}]}},"_links":{"self":[{"href":"http:\/\/www.start.hekko24.pl\/studio\/wp-json\/wp\/v2\/pages\/926"}],"collection":[{"href":"http:\/\/www.start.hekko24.pl\/studio\/wp-json\/wp\/v2\/pages"}],"about":[{"href":"http:\/\/www.start.hekko24.pl\/studio\/wp-json\/wp\/v2\/types\/page"}],"author":[{"embeddable":true,"href":"http:\/\/www.start.hekko24.pl\/studio\/wp-json\/wp\/v2\/users\/1"}],"replies":[{"embeddable":true,"href":"http:\/\/www.start.hekko24.pl\/studio\/wp-json\/wp\/v2\/comments?post=926"}],"version-history":[{"count":2,"href":"http:\/\/www.start.hekko24.pl\/studio\/wp-json\/wp\/v2\/pages\/926\/revisions"}],"predecessor-version":[{"id":1393,"href":"http:\/\/www.start.hekko24.pl\/studio\/wp-json\/wp\/v2\/pages\/926\/revisions\/1393"}],"up":[{"embeddable":true,"href":"http:\/\/www.start.hekko24.pl\/studio\/wp-json\/wp\/v2\/pages\/43"}],"wp:attachment":[{"href":"http:\/\/www.start.hekko24.pl\/studio\/wp-json\/wp\/v2\/media?parent=926"}],"curies":[{"name":"wp","href":"https:\/\/api.w.org\/{rel}","templated":true}]}}