{"id":973,"date":"2018-02-06T11:08:11","date_gmt":"2018-02-06T10:08:11","guid":{"rendered":"http:\/\/www.start.hekko24.pl\/studio\/?page_id=973"},"modified":"2018-07-23T11:21:37","modified_gmt":"2018-07-23T09:21:37","slug":"wnetrza","status":"publish","type":"page","link":"http:\/\/www.start.hekko24.pl\/studio\/realizacje\/wnetrza\/","title":{"rendered":"WN\u0118TRZA"},"content":{"rendered":"<div id='gallery-1' class='gallery galleryid-973 gallery-columns-4 gallery-size-thumbnail'><figure class='gallery-item'>\n\t\t\t<div class='gallery-icon landscape'>\n\t\t\t\t<a href='http:\/\/www.start.hekko24.pl\/studio\/wp-content\/uploads\/2018\/02\/WN4a.png' title=\"\" data-rl_title=\"\" class=\"rl-gallery-link\" data-rl_caption=\"\" data-rel=\"lightbox-gallery-1\"><img width=\"150\" height=\"150\" src=\"http:\/\/www.start.hekko24.pl\/studio\/wp-content\/uploads\/2018\/02\/WN4a-150x150.png\" class=\"attachment-thumbnail size-thumbnail\" alt=\"\" decoding=\"async\" loading=\"lazy\" srcset=\"http:\/\/www.start.hekko24.pl\/studio\/wp-content\/uploads\/2018\/02\/WN4a-150x150.png 150w, http:\/\/www.start.hekko24.pl\/studio\/wp-content\/uploads\/2018\/02\/WN4a-100x100.png 100w\" sizes=\"100vw\" \/><\/a>\n\t\t\t<\/div><\/figure><figure class='gallery-item'>\n\t\t\t<div class='gallery-icon landscape'>\n\t\t\t\t<a href='http:\/\/www.start.hekko24.pl\/studio\/wp-content\/uploads\/2018\/02\/WN4.png' title=\"\" data-rl_title=\"\" class=\"rl-gallery-link\" data-rl_caption=\"\" data-rel=\"lightbox-gallery-1\"><img width=\"150\" height=\"150\" src=\"http:\/\/www.start.hekko24.pl\/studio\/wp-content\/uploads\/2018\/02\/WN4-150x150.png\" class=\"attachment-thumbnail size-thumbnail\" alt=\"\" decoding=\"async\" loading=\"lazy\" srcset=\"http:\/\/www.start.hekko24.pl\/studio\/wp-content\/uploads\/2018\/02\/WN4-150x150.png 150w, http:\/\/www.start.hekko24.pl\/studio\/wp-content\/uploads\/2018\/02\/WN4-100x100.png 100w\" sizes=\"100vw\" \/><\/a>\n\t\t\t<\/div><\/figure><figure class='gallery-item'>\n\t\t\t<div class='gallery-icon landscape'>\n\t\t\t\t<a href='http:\/\/www.start.hekko24.pl\/studio\/wp-content\/uploads\/2018\/02\/WN4b.png' title=\"\" data-rl_title=\"\" class=\"rl-gallery-link\" data-rl_caption=\"\" data-rel=\"lightbox-gallery-1\"><img width=\"150\" height=\"150\" src=\"http:\/\/www.start.hekko24.pl\/studio\/wp-content\/uploads\/2018\/02\/WN4b-150x150.png\" class=\"attachment-thumbnail size-thumbnail\" alt=\"\" decoding=\"async\" loading=\"lazy\" srcset=\"http:\/\/www.start.hekko24.pl\/studio\/wp-content\/uploads\/2018\/02\/WN4b-150x150.png 150w, http:\/\/www.start.hekko24.pl\/studio\/wp-content\/uploads\/2018\/02\/WN4b-100x100.png 100w\" sizes=\"100vw\" \/><\/a>\n\t\t\t<\/div><\/figure><figure class='gallery-item'>\n\t\t\t<div class='gallery-icon landscape'>\n\t\t\t\t<a href='http:\/\/www.start.hekko24.pl\/studio\/wp-content\/uploads\/2018\/02\/WN5.png' title=\"\" data-rl_title=\"\" class=\"rl-gallery-link\" data-rl_caption=\"\" data-rel=\"lightbox-gallery-1\"><img width=\"150\" height=\"150\" src=\"http:\/\/www.start.hekko24.pl\/studio\/wp-content\/uploads\/2018\/02\/WN5-150x150.png\" class=\"attachment-thumbnail size-thumbnail\" alt=\"\" decoding=\"async\" loading=\"lazy\" srcset=\"http:\/\/www.start.hekko24.pl\/studio\/wp-content\/uploads\/2018\/02\/WN5-150x150.png 150w, http:\/\/www.start.hekko24.pl\/studio\/wp-content\/uploads\/2018\/02\/WN5-100x100.png 100w\" sizes=\"100vw\" \/><\/a>\n\t\t\t<\/div><\/figure><figure class='gallery-item'>\n\t\t\t<div class='gallery-icon landscape'>\n\t\t\t\t<a href='http:\/\/www.start.hekko24.pl\/studio\/wp-content\/uploads\/2018\/02\/WN1.png' title=\"\" data-rl_title=\"\" class=\"rl-gallery-link\" data-rl_caption=\"\" data-rel=\"lightbox-gallery-1\"><img width=\"150\" height=\"150\" src=\"http:\/\/www.start.hekko24.pl\/studio\/wp-content\/uploads\/2018\/02\/WN1-150x150.png\" class=\"attachment-thumbnail size-thumbnail\" alt=\"\" decoding=\"async\" loading=\"lazy\" srcset=\"http:\/\/www.start.hekko24.pl\/studio\/wp-content\/uploads\/2018\/02\/WN1-150x150.png 150w, http:\/\/www.start.hekko24.pl\/studio\/wp-content\/uploads\/2018\/02\/WN1-100x100.png 100w\" sizes=\"100vw\" \/><\/a>\n\t\t\t<\/div><\/figure><figure class='gallery-item'>\n\t\t\t<div class='gallery-icon landscape'>\n\t\t\t\t<a href='http:\/\/www.start.hekko24.pl\/studio\/wp-content\/uploads\/2018\/02\/WN2.png' title=\"\" data-rl_title=\"\" class=\"rl-gallery-link\" data-rl_caption=\"\" data-rel=\"lightbox-gallery-1\"><img width=\"150\" height=\"150\" src=\"http:\/\/www.start.hekko24.pl\/studio\/wp-content\/uploads\/2018\/02\/WN2-150x150.png\" class=\"attachment-thumbnail size-thumbnail\" alt=\"\" decoding=\"async\" loading=\"lazy\" srcset=\"http:\/\/www.start.hekko24.pl\/studio\/wp-content\/uploads\/2018\/02\/WN2-150x150.png 150w, http:\/\/www.start.hekko24.pl\/studio\/wp-content\/uploads\/2018\/02\/WN2-100x100.png 100w\" sizes=\"100vw\" \/><\/a>\n\t\t\t<\/div><\/figure><figure class='gallery-item'>\n\t\t\t<div class='gallery-icon landscape'>\n\t\t\t\t<a href='http:\/\/www.start.hekko24.pl\/studio\/wp-content\/uploads\/2018\/02\/WN8.png' title=\"\" data-rl_title=\"\" class=\"rl-gallery-link\" data-rl_caption=\"\" data-rel=\"lightbox-gallery-1\"><img width=\"150\" height=\"150\" src=\"http:\/\/www.start.hekko24.pl\/studio\/wp-content\/uploads\/2018\/02\/WN8-150x150.png\" class=\"attachment-thumbnail size-thumbnail\" alt=\"\" decoding=\"async\" loading=\"lazy\" srcset=\"http:\/\/www.start.hekko24.pl\/studio\/wp-content\/uploads\/2018\/02\/WN8-150x150.png 150w, http:\/\/www.start.hekko24.pl\/studio\/wp-content\/uploads\/2018\/02\/WN8-100x100.png 100w\" sizes=\"100vw\" \/><\/a>\n\t\t\t<\/div><\/figure><figure class='gallery-item'>\n\t\t\t<div class='gallery-icon landscape'>\n\t\t\t\t<a href='http:\/\/www.start.hekko24.pl\/studio\/wp-content\/uploads\/2018\/02\/WN7.png' title=\"\" data-rl_title=\"\" class=\"rl-gallery-link\" data-rl_caption=\"\" data-rel=\"lightbox-gallery-1\"><img width=\"150\" height=\"150\" src=\"http:\/\/www.start.hekko24.pl\/studio\/wp-content\/uploads\/2018\/02\/WN7-150x150.png\" class=\"attachment-thumbnail size-thumbnail\" alt=\"\" decoding=\"async\" loading=\"lazy\" srcset=\"http:\/\/www.start.hekko24.pl\/studio\/wp-content\/uploads\/2018\/02\/WN7-150x150.png 150w, http:\/\/www.start.hekko24.pl\/studio\/wp-content\/uploads\/2018\/02\/WN7-100x100.png 100w\" sizes=\"100vw\" \/><\/a>\n\t\t\t<\/div><\/figure><figure class='gallery-item'>\n\t\t\t<div class='gallery-icon landscape'>\n\t\t\t\t<a href='http:\/\/www.start.hekko24.pl\/studio\/wp-content\/uploads\/2018\/02\/Z6.png' title=\"\" data-rl_title=\"\" class=\"rl-gallery-link\" data-rl_caption=\"\" data-rel=\"lightbox-gallery-1\"><img width=\"150\" height=\"150\" src=\"http:\/\/www.start.hekko24.pl\/studio\/wp-content\/uploads\/2018\/02\/Z6-150x150.png\" class=\"attachment-thumbnail size-thumbnail\" alt=\"\" decoding=\"async\" loading=\"lazy\" srcset=\"http:\/\/www.start.hekko24.pl\/studio\/wp-content\/uploads\/2018\/02\/Z6-150x150.png 150w, http:\/\/www.start.hekko24.pl\/studio\/wp-content\/uploads\/2018\/02\/Z6-100x100.png 100w\" sizes=\"100vw\" \/><\/a>\n\t\t\t<\/div><\/figure><figure class='gallery-item'>\n\t\t\t<div class='gallery-icon landscape'>\n\t\t\t\t<a href='http:\/\/www.start.hekko24.pl\/studio\/wp-content\/uploads\/2018\/05\/WN14.png' title=\"\" data-rl_title=\"\" class=\"rl-gallery-link\" data-rl_caption=\"\" data-rel=\"lightbox-gallery-1\"><img width=\"150\" height=\"150\" src=\"http:\/\/www.start.hekko24.pl\/studio\/wp-content\/uploads\/2018\/05\/WN14-150x150.png\" class=\"attachment-thumbnail size-thumbnail\" alt=\"\" decoding=\"async\" loading=\"lazy\" srcset=\"http:\/\/www.start.hekko24.pl\/studio\/wp-content\/uploads\/2018\/05\/WN14-150x150.png 150w, http:\/\/www.start.hekko24.pl\/studio\/wp-content\/uploads\/2018\/05\/WN14-100x100.png 100w\" sizes=\"100vw\" \/><\/a>\n\t\t\t<\/div><\/figure><figure class='gallery-item'>\n\t\t\t<div class='gallery-icon landscape'>\n\t\t\t\t<a href='http:\/\/www.start.hekko24.pl\/studio\/wp-content\/uploads\/2018\/02\/WN6.png' title=\"\" data-rl_title=\"\" class=\"rl-gallery-link\" data-rl_caption=\"\" data-rel=\"lightbox-gallery-1\"><img width=\"150\" height=\"150\" src=\"http:\/\/www.start.hekko24.pl\/studio\/wp-content\/uploads\/2018\/02\/WN6-150x150.png\" class=\"attachment-thumbnail size-thumbnail\" alt=\"\" decoding=\"async\" loading=\"lazy\" srcset=\"http:\/\/www.start.hekko24.pl\/studio\/wp-content\/uploads\/2018\/02\/WN6-150x150.png 150w, http:\/\/www.start.hekko24.pl\/studio\/wp-content\/uploads\/2018\/02\/WN6-100x100.png 100w\" sizes=\"100vw\" \/><\/a>\n\t\t\t<\/div><\/figure><figure class='gallery-item'>\n\t\t\t<div class='gallery-icon landscape'>\n\t\t\t\t<a href='http:\/\/www.start.hekko24.pl\/studio\/wp-content\/uploads\/2018\/02\/WN9.png' title=\"\" data-rl_title=\"\" class=\"rl-gallery-link\" data-rl_caption=\"\" data-rel=\"lightbox-gallery-1\"><img width=\"150\" height=\"150\" src=\"http:\/\/www.start.hekko24.pl\/studio\/wp-content\/uploads\/2018\/02\/WN9-150x150.png\" class=\"attachment-thumbnail size-thumbnail\" alt=\"\" decoding=\"async\" loading=\"lazy\" srcset=\"http:\/\/www.start.hekko24.pl\/studio\/wp-content\/uploads\/2018\/02\/WN9-150x150.png 150w, http:\/\/www.start.hekko24.pl\/studio\/wp-content\/uploads\/2018\/02\/WN9-100x100.png 100w\" sizes=\"100vw\" \/><\/a>\n\t\t\t<\/div><\/figure><figure class='gallery-item'>\n\t\t\t<div class='gallery-icon landscape'>\n\t\t\t\t<a href='http:\/\/www.start.hekko24.pl\/studio\/wp-content\/uploads\/2018\/05\/WN11.png' title=\"\" data-rl_title=\"\" class=\"rl-gallery-link\" data-rl_caption=\"\" data-rel=\"lightbox-gallery-1\"><img width=\"150\" height=\"150\" src=\"http:\/\/www.start.hekko24.pl\/studio\/wp-content\/uploads\/2018\/05\/WN11-150x150.png\" class=\"attachment-thumbnail size-thumbnail\" alt=\"\" decoding=\"async\" loading=\"lazy\" srcset=\"http:\/\/www.start.hekko24.pl\/studio\/wp-content\/uploads\/2018\/05\/WN11-150x150.png 150w, http:\/\/www.start.hekko24.pl\/studio\/wp-content\/uploads\/2018\/05\/WN11-100x100.png 100w\" sizes=\"100vw\" \/><\/a>\n\t\t\t<\/div><\/figure><figure class='gallery-item'>\n\t\t\t<div class='gallery-icon landscape'>\n\t\t\t\t<a href='http:\/\/www.start.hekko24.pl\/studio\/wp-content\/uploads\/2018\/05\/WN12.png' title=\"\" data-rl_title=\"\" class=\"rl-gallery-link\" data-rl_caption=\"\" data-rel=\"lightbox-gallery-1\"><img width=\"150\" height=\"150\" src=\"http:\/\/www.start.hekko24.pl\/studio\/wp-content\/uploads\/2018\/05\/WN12-150x150.png\" class=\"attachment-thumbnail size-thumbnail\" alt=\"\" decoding=\"async\" loading=\"lazy\" srcset=\"http:\/\/www.start.hekko24.pl\/studio\/wp-content\/uploads\/2018\/05\/WN12-150x150.png 150w, http:\/\/www.start.hekko24.pl\/studio\/wp-content\/uploads\/2018\/05\/WN12-100x100.png 100w\" sizes=\"100vw\" \/><\/a>\n\t\t\t<\/div><\/figure><figure class='gallery-item'>\n\t\t\t<div class='gallery-icon landscape'>\n\t\t\t\t<a href='http:\/\/www.start.hekko24.pl\/studio\/wp-content\/uploads\/2018\/05\/WN13.png' title=\"\" data-rl_title=\"\" class=\"rl-gallery-link\" data-rl_caption=\"\" data-rel=\"lightbox-gallery-1\"><img width=\"150\" height=\"150\" src=\"http:\/\/www.start.hekko24.pl\/studio\/wp-content\/uploads\/2018\/05\/WN13-150x150.png\" class=\"attachment-thumbnail size-thumbnail\" alt=\"\" decoding=\"async\" loading=\"lazy\" srcset=\"http:\/\/www.start.hekko24.pl\/studio\/wp-content\/uploads\/2018\/05\/WN13-150x150.png 150w, http:\/\/www.start.hekko24.pl\/studio\/wp-content\/uploads\/2018\/05\/WN13-100x100.png 100w\" sizes=\"100vw\" \/><\/a>\n\t\t\t<\/div><\/figure><figure class='gallery-item'>\n\t\t\t<div class='gallery-icon landscape'>\n\t\t\t\t<a href='http:\/\/www.start.hekko24.pl\/studio\/wp-content\/uploads\/2018\/05\/WN15.png' title=\"\" data-rl_title=\"\" class=\"rl-gallery-link\" data-rl_caption=\"\" data-rel=\"lightbox-gallery-1\"><img width=\"150\" height=\"150\" src=\"http:\/\/www.start.hekko24.pl\/studio\/wp-content\/uploads\/2018\/05\/WN15-150x150.png\" class=\"attachment-thumbnail size-thumbnail\" alt=\"\" decoding=\"async\" loading=\"lazy\" srcset=\"http:\/\/www.start.hekko24.pl\/studio\/wp-content\/uploads\/2018\/05\/WN15-150x150.png 150w, http:\/\/www.start.hekko24.pl\/studio\/wp-content\/uploads\/2018\/05\/WN15-100x100.png 100w\" sizes=\"100vw\" \/><\/a>\n\t\t\t<\/div><\/figure><figure class='gallery-item'>\n\t\t\t<div class='gallery-icon landscape'>\n\t\t\t\t<a href='http:\/\/www.start.hekko24.pl\/studio\/wp-content\/uploads\/2018\/07\/DSC_1360.jpg' title=\"\" data-rl_title=\"\" class=\"rl-gallery-link\" data-rl_caption=\"\" data-rel=\"lightbox-gallery-1\"><img width=\"150\" height=\"150\" src=\"http:\/\/www.start.hekko24.pl\/studio\/wp-content\/uploads\/2018\/07\/DSC_1360-150x150.jpg\" class=\"attachment-thumbnail size-thumbnail\" alt=\"\" decoding=\"async\" loading=\"lazy\" srcset=\"http:\/\/www.start.hekko24.pl\/studio\/wp-content\/uploads\/2018\/07\/DSC_1360-150x150.jpg 150w, http:\/\/www.start.hekko24.pl\/studio\/wp-content\/uploads\/2018\/07\/DSC_1360-100x100.jpg 100w\" sizes=\"100vw\" \/><\/a>\n\t\t\t<\/div><\/figure><figure class='gallery-item'>\n\t\t\t<div class='gallery-icon landscape'>\n\t\t\t\t<a href='http:\/\/www.start.hekko24.pl\/studio\/wp-content\/uploads\/2018\/07\/DSC_1358.jpg' title=\"\" data-rl_title=\"\" class=\"rl-gallery-link\" data-rl_caption=\"\" data-rel=\"lightbox-gallery-1\"><img width=\"150\" height=\"150\" src=\"http:\/\/www.start.hekko24.pl\/studio\/wp-content\/uploads\/2018\/07\/DSC_1358-150x150.jpg\" class=\"attachment-thumbnail size-thumbnail\" alt=\"\" decoding=\"async\" loading=\"lazy\" srcset=\"http:\/\/www.start.hekko24.pl\/studio\/wp-content\/uploads\/2018\/07\/DSC_1358-150x150.jpg 150w, http:\/\/www.start.hekko24.pl\/studio\/wp-content\/uploads\/2018\/07\/DSC_1358-100x100.jpg 100w\" sizes=\"100vw\" \/><\/a>\n\t\t\t<\/div><\/figure><figure class='gallery-item'>\n\t\t\t<div class='gallery-icon portrait'>\n\t\t\t\t<a href='http:\/\/www.start.hekko24.pl\/studio\/wp-content\/uploads\/2018\/07\/DSC_1281.jpg' title=\"\" data-rl_title=\"\" class=\"rl-gallery-link\" data-rl_caption=\"\" data-rel=\"lightbox-gallery-1\"><img width=\"150\" height=\"150\" src=\"http:\/\/www.start.hekko24.pl\/studio\/wp-content\/uploads\/2018\/07\/DSC_1281-150x150.jpg\" class=\"attachment-thumbnail size-thumbnail\" alt=\"\" decoding=\"async\" loading=\"lazy\" srcset=\"http:\/\/www.start.hekko24.pl\/studio\/wp-content\/uploads\/2018\/07\/DSC_1281-150x150.jpg 150w, http:\/\/www.start.hekko24.pl\/studio\/wp-content\/uploads\/2018\/07\/DSC_1281-100x100.jpg 100w\" sizes=\"100vw\" \/><\/a>\n\t\t\t<\/div><\/figure><figure class='gallery-item'>\n\t\t\t<div class='gallery-icon portrait'>\n\t\t\t\t<a href='http:\/\/www.start.hekko24.pl\/studio\/wp-content\/uploads\/2018\/07\/DSC_1304.jpg' title=\"\" data-rl_title=\"\" class=\"rl-gallery-link\" data-rl_caption=\"\" data-rel=\"lightbox-gallery-1\"><img width=\"150\" height=\"150\" src=\"http:\/\/www.start.hekko24.pl\/studio\/wp-content\/uploads\/2018\/07\/DSC_1304-150x150.jpg\" class=\"attachment-thumbnail size-thumbnail\" alt=\"\" decoding=\"async\" loading=\"lazy\" srcset=\"http:\/\/www.start.hekko24.pl\/studio\/wp-content\/uploads\/2018\/07\/DSC_1304-150x150.jpg 150w, http:\/\/www.start.hekko24.pl\/studio\/wp-content\/uploads\/2018\/07\/DSC_1304-100x100.jpg 100w\" sizes=\"100vw\" \/><\/a>\n\t\t\t<\/div><\/figure><figure class='gallery-item'>\n\t\t\t<div class='gallery-icon landscape'>\n\t\t\t\t<a href='http:\/\/www.start.hekko24.pl\/studio\/wp-content\/uploads\/2018\/07\/DSC_1330.jpg' title=\"\" data-rl_title=\"\" class=\"rl-gallery-link\" data-rl_caption=\"\" data-rel=\"lightbox-gallery-1\"><img width=\"150\" height=\"150\" src=\"http:\/\/www.start.hekko24.pl\/studio\/wp-content\/uploads\/2018\/07\/DSC_1330-150x150.jpg\" class=\"attachment-thumbnail size-thumbnail\" alt=\"\" decoding=\"async\" loading=\"lazy\" srcset=\"http:\/\/www.start.hekko24.pl\/studio\/wp-content\/uploads\/2018\/07\/DSC_1330-150x150.jpg 150w, http:\/\/www.start.hekko24.pl\/studio\/wp-content\/uploads\/2018\/07\/DSC_1330-100x100.jpg 100w\" sizes=\"100vw\" \/><\/a>\n\t\t\t<\/div><\/figure><figure class='gallery-item'>\n\t\t\t<div class='gallery-icon landscape'>\n\t\t\t\t<a href='http:\/\/www.start.hekko24.pl\/studio\/wp-content\/uploads\/2018\/07\/DSC_1328.jpg' title=\"\" data-rl_title=\"\" class=\"rl-gallery-link\" data-rl_caption=\"\" data-rel=\"lightbox-gallery-1\"><img width=\"150\" height=\"150\" src=\"http:\/\/www.start.hekko24.pl\/studio\/wp-content\/uploads\/2018\/07\/DSC_1328-150x150.jpg\" class=\"attachment-thumbnail size-thumbnail\" alt=\"\" decoding=\"async\" loading=\"lazy\" srcset=\"http:\/\/www.start.hekko24.pl\/studio\/wp-content\/uploads\/2018\/07\/DSC_1328-150x150.jpg 150w, http:\/\/www.start.hekko24.pl\/studio\/wp-content\/uploads\/2018\/07\/DSC_1328-100x100.jpg 100w\" sizes=\"100vw\" \/><\/a>\n\t\t\t<\/div><\/figure><figure class='gallery-item'>\n\t\t\t<div class='gallery-icon landscape'>\n\t\t\t\t<a href='http:\/\/www.start.hekko24.pl\/studio\/wp-content\/uploads\/2018\/07\/DSC_1302.jpg' title=\"\" data-rl_title=\"\" class=\"rl-gallery-link\" data-rl_caption=\"\" data-rel=\"lightbox-gallery-1\"><img width=\"150\" height=\"150\" src=\"http:\/\/www.start.hekko24.pl\/studio\/wp-content\/uploads\/2018\/07\/DSC_1302-150x150.jpg\" class=\"attachment-thumbnail size-thumbnail\" alt=\"\" decoding=\"async\" loading=\"lazy\" srcset=\"http:\/\/www.start.hekko24.pl\/studio\/wp-content\/uploads\/2018\/07\/DSC_1302-150x150.jpg 150w, http:\/\/www.start.hekko24.pl\/studio\/wp-content\/uploads\/2018\/07\/DSC_1302-100x100.jpg 100w\" sizes=\"100vw\" \/><\/a>\n\t\t\t<\/div><\/figure><figure class='gallery-item'>\n\t\t\t<div class='gallery-icon landscape'>\n\t\t\t\t<a href='http:\/\/www.start.hekko24.pl\/studio\/wp-content\/uploads\/2018\/07\/DSC_1341.jpg' title=\"\" data-rl_title=\"\" class=\"rl-gallery-link\" data-rl_caption=\"\" data-rel=\"lightbox-gallery-1\"><img width=\"150\" height=\"150\" src=\"http:\/\/www.start.hekko24.pl\/studio\/wp-content\/uploads\/2018\/07\/DSC_1341-150x150.jpg\" class=\"attachment-thumbnail size-thumbnail\" alt=\"\" decoding=\"async\" loading=\"lazy\" srcset=\"http:\/\/www.start.hekko24.pl\/studio\/wp-content\/uploads\/2018\/07\/DSC_1341-150x150.jpg 150w, http:\/\/www.start.hekko24.pl\/studio\/wp-content\/uploads\/2018\/07\/DSC_1341-100x100.jpg 100w\" sizes=\"100vw\" \/><\/a>\n\t\t\t<\/div><\/figure>\n\t\t<\/div>\n\n<p><a href=\"http:\/\/www.szpitalmegrez.pl\/\" target=\"_blank\" rel=\"noopener\">MEGREZ &#8211; szko\u0142a rodzenia<\/a><\/p>\n<p><a href=\"http:\/\/ch.bazantowo.pl\/s\/ch-sklepy-kieta.html\" target=\"_blank\" rel=\"noopener\">KIETA &#8211; centrum rowerowe<\/a><\/p>\n<p><a href=\"https:\/\/www.iurisco.pl\/\" target=\"_blank\" rel=\"noopener\">IURISCO &#8211; kancelaria prawna<\/a><\/p>\n<p><a href=\"http:\/\/joyfactory.eu\/\">JOY FACTORY &#8211; sala zabaw<\/a><\/p>\n","protected":false},"excerpt":{"rendered":"<p>MEGREZ &#8211; szko\u0142a rodzenia KIETA &#8211; centrum rowerowe IURISCO &#8211; kancelaria prawna JOY FACTORY &#8211; sala zabaw<\/p>\n","protected":false},"author":1,"featured_media":0,"parent":43,"menu_order":5,"comment_status":"closed","ping_status":"closed","template":"","meta":{"footnotes":""},"yoast_head":"<!-- This site is optimized with the Yoast SEO plugin v21.2 - https:\/\/yoast.com\/wordpress\/plugins\/seo\/ -->\n<title>wn\u0119trza<\/title>\n<meta name=\"description\" content=\"Projektujemy i wykonujemy fototapety, logotypy przestrzenne, dekoracje \u015bcienne zar\u00f3wno dla przestrzeni publicznej, jak i prywatnej.\" \/>\n<meta name=\"robots\" content=\"index, follow, max-snippet:-1, max-image-preview:large, max-video-preview:-1\" \/>\n<link rel=\"canonical\" href=\"http:\/\/www.start.hekko24.pl\/studio\/B2tQI\" \/>\n<meta property=\"og:locale\" content=\"pl_PL\" \/>\n<meta property=\"og:type\" content=\"article\" \/>\n<meta property=\"og:title\" content=\"wn\u0119trza\" \/>\n<meta property=\"og:description\" content=\"Projektujemy i wykonujemy fototapety, logotypy przestrzenne, dekoracje \u015bcienne zar\u00f3wno dla przestrzeni publicznej, jak i prywatnej.\" \/>\n<meta property=\"og:url\" content=\"http:\/\/www.start.hekko24.pl\/studio\/realizacje\/wnetrza\/\" \/>\n<meta property=\"article:modified_time\" content=\"2018-07-23T09:21:37+00:00\" \/>\n<meta property=\"og:image\" content=\"http:\/\/www.start.hekko24.pl\/studio\/wp-content\/uploads\/2018\/02\/WN4a-150x150.png\" \/>\n<meta name=\"twitter:card\" content=\"summary_large_image\" \/>\n<script type=\"application\/ld+json\" class=\"yoast-schema-graph\">{\"@context\":\"https:\/\/schema.org\",\"@graph\":[{\"@type\":\"WebPage\",\"@id\":\"http:\/\/www.start.hekko24.pl\/studio\/realizacje\/wnetrza\/\",\"url\":\"http:\/\/www.start.hekko24.pl\/studio\/realizacje\/wnetrza\/\",\"name\":\"wn\u0119trza\",\"isPartOf\":{\"@id\":\"http:\/\/www.start.hekko24.pl\/studio\/#website\"},\"datePublished\":\"2018-02-06T10:08:11+00:00\",\"dateModified\":\"2018-07-23T09:21:37+00:00\",\"description\":\"Projektujemy i wykonujemy fototapety, logotypy przestrzenne, dekoracje \u015bcienne zar\u00f3wno dla przestrzeni publicznej, jak i prywatnej.\",\"breadcrumb\":{\"@id\":\"http:\/\/www.start.hekko24.pl\/studio\/realizacje\/wnetrza\/#breadcrumb\"},\"inLanguage\":\"pl-PL\",\"potentialAction\":[{\"@type\":\"ReadAction\",\"target\":[\"http:\/\/www.start.hekko24.pl\/studio\/realizacje\/wnetrza\/\"]}]},{\"@type\":\"BreadcrumbList\",\"@id\":\"http:\/\/www.start.hekko24.pl\/studio\/realizacje\/wnetrza\/#breadcrumb\",\"itemListElement\":[{\"@type\":\"ListItem\",\"position\":1,\"name\":\"Strona g\u0142\u00f3wna\",\"item\":\"http:\/\/www.start.hekko24.pl\/studio\/\"},{\"@type\":\"ListItem\",\"position\":2,\"name\":\"REALIZACJE\",\"item\":\"http:\/\/www.start.hekko24.pl\/studio\/realizacje\/\"},{\"@type\":\"ListItem\",\"position\":3,\"name\":\"WN\u0118TRZA\"}]},{\"@type\":\"WebSite\",\"@id\":\"http:\/\/www.start.hekko24.pl\/studio\/#website\",\"url\":\"http:\/\/www.start.hekko24.pl\/studio\/\",\"name\":\"\",\"description\":\"\",\"potentialAction\":[{\"@type\":\"SearchAction\",\"target\":{\"@type\":\"EntryPoint\",\"urlTemplate\":\"http:\/\/www.start.hekko24.pl\/studio\/?s={search_term_string}\"},\"query-input\":\"required name=search_term_string\"}],\"inLanguage\":\"pl-PL\"}]}<\/script>\n<!-- \/ Yoast SEO plugin. -->","yoast_head_json":{"title":"wn\u0119trza","description":"Projektujemy i wykonujemy fototapety, logotypy przestrzenne, dekoracje \u015bcienne zar\u00f3wno dla przestrzeni publicznej, jak i prywatnej.","robots":{"index":"index","follow":"follow","max-snippet":"max-snippet:-1","max-image-preview":"max-image-preview:large","max-video-preview":"max-video-preview:-1"},"canonical":"http:\/\/www.start.hekko24.pl\/studio\/B2tQI","og_locale":"pl_PL","og_type":"article","og_title":"wn\u0119trza","og_description":"Projektujemy i wykonujemy fototapety, logotypy przestrzenne, dekoracje \u015bcienne zar\u00f3wno dla przestrzeni publicznej, jak i prywatnej.","og_url":"http:\/\/www.start.hekko24.pl\/studio\/realizacje\/wnetrza\/","article_modified_time":"2018-07-23T09:21:37+00:00","og_image":[{"url":"http:\/\/www.start.hekko24.pl\/studio\/wp-content\/uploads\/2018\/02\/WN4a-150x150.png"}],"twitter_card":"summary_large_image","schema":{"@context":"https:\/\/schema.org","@graph":[{"@type":"WebPage","@id":"http:\/\/www.start.hekko24.pl\/studio\/realizacje\/wnetrza\/","url":"http:\/\/www.start.hekko24.pl\/studio\/realizacje\/wnetrza\/","name":"wn\u0119trza","isPartOf":{"@id":"http:\/\/www.start.hekko24.pl\/studio\/#website"},"datePublished":"2018-02-06T10:08:11+00:00","dateModified":"2018-07-23T09:21:37+00:00","description":"Projektujemy i wykonujemy fototapety, logotypy przestrzenne, dekoracje \u015bcienne zar\u00f3wno dla przestrzeni publicznej, jak i prywatnej.","breadcrumb":{"@id":"http:\/\/www.start.hekko24.pl\/studio\/realizacje\/wnetrza\/#breadcrumb"},"inLanguage":"pl-PL","potentialAction":[{"@type":"ReadAction","target":["http:\/\/www.start.hekko24.pl\/studio\/realizacje\/wnetrza\/"]}]},{"@type":"BreadcrumbList","@id":"http:\/\/www.start.hekko24.pl\/studio\/realizacje\/wnetrza\/#breadcrumb","itemListElement":[{"@type":"ListItem","position":1,"name":"Strona g\u0142\u00f3wna","item":"http:\/\/www.start.hekko24.pl\/studio\/"},{"@type":"ListItem","position":2,"name":"REALIZACJE","item":"http:\/\/www.start.hekko24.pl\/studio\/realizacje\/"},{"@type":"ListItem","position":3,"name":"WN\u0118TRZA"}]},{"@type":"WebSite","@id":"http:\/\/www.start.hekko24.pl\/studio\/#website","url":"http:\/\/www.start.hekko24.pl\/studio\/","name":"","description":"","potentialAction":[{"@type":"SearchAction","target":{"@type":"EntryPoint","urlTemplate":"http:\/\/www.start.hekko24.pl\/studio\/?s={search_term_string}"},"query-input":"required name=search_term_string"}],"inLanguage":"pl-PL"}]}},"_links":{"self":[{"href":"http:\/\/www.start.hekko24.pl\/studio\/wp-json\/wp\/v2\/pages\/973"}],"collection":[{"href":"http:\/\/www.start.hekko24.pl\/studio\/wp-json\/wp\/v2\/pages"}],"about":[{"href":"http:\/\/www.start.hekko24.pl\/studio\/wp-json\/wp\/v2\/types\/page"}],"author":[{"embeddable":true,"href":"http:\/\/www.start.hekko24.pl\/studio\/wp-json\/wp\/v2\/users\/1"}],"replies":[{"embeddable":true,"href":"http:\/\/www.start.hekko24.pl\/studio\/wp-json\/wp\/v2\/comments?post=973"}],"version-history":[{"count":13,"href":"http:\/\/www.start.hekko24.pl\/studio\/wp-json\/wp\/v2\/pages\/973\/revisions"}],"predecessor-version":[{"id":1348,"href":"http:\/\/www.start.hekko24.pl\/studio\/wp-json\/wp\/v2\/pages\/973\/revisions\/1348"}],"up":[{"embeddable":true,"href":"http:\/\/www.start.hekko24.pl\/studio\/wp-json\/wp\/v2\/pages\/43"}],"wp:attachment":[{"href":"http:\/\/www.start.hekko24.pl\/studio\/wp-json\/wp\/v2\/media?parent=973"}],"curies":[{"name":"wp","href":"https:\/\/api.w.org\/{rel}","templated":true}]}}